{"id":4547,"date":"2021-06-18T19:00:41","date_gmt":"2021-06-18T17:00:41","guid":{"rendered":"https:\/\/asg.k1t.eu\/?page_id=4547"},"modified":"2022-04-19T11:46:38","modified_gmt":"2022-04-19T09:46:38","slug":"formulari-danunciant","status":"publish","type":"page","link":"https:\/\/asg.k1t.eu\/es\/formulari-danunciant\/","title":{"rendered":"BDT-Ofrecer Tierra"},"content":{"rendered":"<p><div class=\"fusion-fullwidth fullwidth-box fusion-builder-row-3 fusion-flex-container nonhundred-percent-fullwidth non-hundred-percent-height-scrolling\" style=\"--awb-border-radius-top-left:0px;--awb-border-radius-top-right:0px;--awb-border-radius-bottom-right:0px;--awb-border-radius-bottom-left:0px;--awb-flex-wrap:wrap;\" ><div class=\"fusion-builder-row fusion-row fusion-flex-align-items-flex-start fusion-flex-content-wrap\" style=\"max-width:calc( 1300px + 0px );margin-left: calc(-0px \/ 2 );margin-right: calc(-0px \/ 2 );\"><div class=\"fusion-layout-column fusion_builder_column fusion-builder-column-5 fusion_builder_column_1_1 1_1 fusion-flex-column\" style=\"--awb-bg-size:cover;--awb-width-large:100%;--awb-margin-top-large:0px;--awb-spacing-right-large:0px;--awb-margin-bottom-large:0px;--awb-spacing-left-large:0px;--awb-width-medium:100%;--awb-spacing-right-medium:0px;--awb-spacing-left-medium:0px;--awb-width-small:100%;--awb-spacing-right-small:0px;--awb-spacing-left-small:0px;\"><div class=\"fusion-column-wrapper fusion-flex-justify-content-flex-start fusion-content-layout-column\"><div class=\"fusion-text fusion-text-2\">\n<div class=\"wpcf7 no-js\" id=\"wpcf7-f4824-o2\" lang=\"es-ES\" dir=\"ltr\" data-wpcf7-id=\"4824\">\n<div class=\"screen-reader-response\"><p role=\"status\" aria-live=\"polite\" aria-atomic=\"true\"><\/p> <ul><\/ul><\/div>\n<form action=\"\/es\/wp-json\/wp\/v2\/pages\/4547#wpcf7-f4824-o2\" method=\"post\" class=\"wpcf7-form init\" aria-label=\"Formulario de contacto\" novalidate=\"novalidate\" data-status=\"init\">\n<fieldset class=\"hidden-fields-container\"><input type=\"hidden\" name=\"_wpcf7\" value=\"4824\" \/><input type=\"hidden\" name=\"_wpcf7_version\" value=\"6.1.5\" \/><input type=\"hidden\" name=\"_wpcf7_locale\" value=\"es_ES\" \/><input type=\"hidden\" name=\"_wpcf7_unit_tag\" value=\"wpcf7-f4824-o2\" \/><input type=\"hidden\" name=\"_wpcf7_container_post\" value=\"0\" \/><input type=\"hidden\" name=\"_wpcf7_posted_data_hash\" value=\"\" \/><input type=\"hidden\" name=\"_wpcf7_recaptcha_response\" value=\"\" \/>\n<\/fieldset>\n<p><b>BANCO DE TIERRAS. FORMULARIO DEL ANUNCIANTE<\/b>\n<\/p>\n<p><b>1. Datos del solicitante<\/b>\n<\/p>\n<p><label> Nombre y Apellidos<br \/>\n<span class=\"wpcf7-form-control-wrap\" data-name=\"your-name\"><input size=\"40\" maxlength=\"400\" class=\"wpcf7-form-control wpcf7-text wpcf7-validates-as-required\" aria-required=\"true\" aria-invalid=\"false\" value=\"\" type=\"text\" name=\"your-name\" \/><\/span> <\/label>\n<\/p>\n<p><label> DNI<br \/>\n<span class=\"wpcf7-form-control-wrap\" data-name=\"text-716\"><input size=\"40\" maxlength=\"400\" class=\"wpcf7-form-control wpcf7-text\" aria-invalid=\"false\" value=\"\" type=\"text\" name=\"text-716\" \/><\/span><\/label>\n<\/p>\n<p><label> Tel\u00e9fono de contacto<br \/>\n<span class=\"wpcf7-form-control-wrap\" data-name=\"tel-387\"><input size=\"40\" maxlength=\"400\" class=\"wpcf7-form-control wpcf7-tel wpcf7-text wpcf7-validates-as-tel\" aria-invalid=\"false\" value=\"\" type=\"tel\" name=\"tel-387\" \/><\/span><\/label>\n<\/p>\n<p><label> Correo electr\u00f3nico<br \/>\n<span class=\"wpcf7-form-control-wrap\" data-name=\"your-email\"><input size=\"40\" maxlength=\"400\" class=\"wpcf7-form-control wpcf7-email wpcf7-text wpcf7-validates-as-email\" aria-invalid=\"false\" value=\"\" type=\"email\" name=\"your-email\" \/><\/span> <\/label>\n<\/p>\n<p><label> Direcci\u00f3n Postal<br \/>\n<span class=\"wpcf7-form-control-wrap\" data-name=\"text-410\"><input size=\"40\" maxlength=\"400\" class=\"wpcf7-form-control wpcf7-text\" aria-invalid=\"false\" value=\"\" type=\"text\" name=\"text-410\" \/><\/span> <\/label>\n<\/p>\n<p><b> 2. Finques <\/b><br \/>\n<label> Describa las fincas que desee anunciar en el Banco de Tierras:<br \/>\n<span class=\"wpcf7-form-control-wrap\" data-name=\"textarea-960\"><textarea cols=\"40\" rows=\"10\" maxlength=\"2000\" class=\"wpcf7-form-control wpcf7-textarea\" aria-invalid=\"false\" name=\"textarea-960\">(ponga el nombre del municipio seguido de los pol\u00edgonos y parcelas de todas las fincas que quiera ofrecer del mismo municipio: Ej. LES BORGES BLANQUES, 509\/1, 509\/4, JUNEDA 512\/17).<\/textarea><\/span><\/label>\n<\/p>\n<p><b>3. Negocios ofertados y declaraciones del solicitante<\/b>\n<\/p>\n<p>Se\u00f1ale el tipo de negocio que desee que salga adelante. Puede se\u00f1alar los dos tipos de negocio si le conviene.\n<\/p>\n<p><span class=\"wpcf7-form-control-wrap\" data-name=\"radio-846\"><span class=\"wpcf7-form-control wpcf7-radio\"><span class=\"wpcf7-list-item first\"><label><input type=\"radio\" name=\"radio-846\" value=\"Vender\" checked=\"checked\" \/><span class=\"wpcf7-list-item-label\">Vender<\/span><\/label><\/span><span class=\"wpcf7-list-item\"><label><input type=\"radio\" name=\"radio-846\" value=\"Arrendar\" \/><span class=\"wpcf7-list-item-label\">Arrendar<\/span><\/label><\/span><span class=\"wpcf7-list-item last\"><label><input type=\"radio\" name=\"radio-846\" value=\"Vender o Arrendar\" \/><span class=\"wpcf7-list-item-label\">Vender o Arrendar<\/span><\/label><\/span><\/span><\/span>\n<\/p>\n<p>El solicitante declara que es el propietario y\/o tiene las facultades o poderes suficientes para llevar a cabo el negocio o negocios escogidos en este apartado sobre las fincas descritas en el punto 2 anterior. El solicitante tambi\u00e9n garantiza y se hace responsable de la veracidad y correcci\u00f3n de toda la informaci\u00f3n facilitada en este documento, incluyendo los datos personales.\n<\/p>\n<p><b>4. Solicitud<\/b><br \/>\nEl solicitante pide a Aig\u00fces del Segarra Garrigues, S.A. (ASG) que lleve a cabo las tareas necesarias para hacer p\u00fablicos, a trav\u00e9s de la p\u00e1gina del Banco de Tierras, los anuncios de los negocios ofertados por el solicitante sobre las fincas indicadas en el apartado 2 (los \"Anuncios\"). A estos efectos, el solicitante declara que: Quiere hacer uso de la plataforma del Banco de Tierras en calidad de Anunciante.<br \/>\nASG le ha facilitado, antes de la firma de este documento, las <a href=\"https:\/\/asg.k1t.eu\/es\/catala-condicions-generals-bdt\/\/\">Condiciones Generales<\/a> del Banco de Tierras, las <a href=\"https:\/\/asg.k1t.eu\/es\/catala-condicions-particulars-usuaris-oferents\/\">Condiciones Particulares<\/a> de los Usuarios Ofertantes, y el<a href=\"https:\/\/asg.k1t.eu\/es\/politica-de-privacitat\/\">Aviso Legal<\/a>, que el solicitante ha le\u00eddo y acepta.\n<\/p>\n<p>As\u00ed mismo, en el caso de que alguna de las fincas descritas en el punto 2 quede incluida en ofertas de negocio sobre un conjunto de fincas lim\u00edtrofes con una superficie total superior a las cincuenta hect\u00e1reas (Grandes superficies), el solicitante declara que:\n<\/p>\n<p><span class=\"wpcf7-form-control-wrap\" data-name=\"checkbox-901\"><span class=\"wpcf7-form-control wpcf7-checkbox\"><span class=\"wpcf7-list-item first\"><label><input type=\"checkbox\" name=\"checkbox-901[]\" value=\"S\u00cd est\u00e1 interesado en ser contactado directamente por los demandantes de Grandes Superficies\" \/><span class=\"wpcf7-list-item-label\">S\u00cd est\u00e1 interesado en ser contactado directamente por los demandantes de Grandes Superficies<\/span><\/label><\/span><span class=\"wpcf7-list-item last\"><label><input type=\"checkbox\" name=\"checkbox-901[]\" value=\"NO est\u00e1 interesado en ser contactado directamente por los demandantes de Grandes Superficies\" \/><span class=\"wpcf7-list-item-label\">NO est\u00e1 interesado en ser contactado directamente por los demandantes de Grandes Superficies<\/span><\/label><\/span><\/span><\/span>\n<\/p>\n<p><b>5. Contacto<\/b><br \/>\nEl solicitante desea ser contactado, en calidad de Anunciante, por parte de los interesados en los negocios ofertados sobre las fincas y, en caso de haberlo autorizado, por los demandantes de Grandes Superficies, o ASG a trav\u00e9s de:\n<\/p>\n<p><span class=\"wpcf7-form-control-wrap\" data-name=\"checkbox-719\"><span class=\"wpcf7-form-control wpcf7-checkbox\"><span class=\"wpcf7-list-item first\"><label><input type=\"checkbox\" name=\"checkbox-719[]\" value=\"TEL\u00c9FONO\" \/><span class=\"wpcf7-list-item-label\">TEL\u00c9FONO<\/span><\/label><\/span><span class=\"wpcf7-list-item\"><label><input type=\"checkbox\" name=\"checkbox-719[]\" value=\"CORREO ELECTR\u00d3NICO\" \/><span class=\"wpcf7-list-item-label\">CORREO ELECTR\u00d3NICO<\/span><\/label><\/span><span class=\"wpcf7-list-item last\"><label><input type=\"checkbox\" name=\"checkbox-719[]\" value=\"CUALQUIERA DE LOS DOS\" \/><span class=\"wpcf7-list-item-label\">CUALQUIERA DE LOS DOS<\/span><\/label><\/span><\/span><\/span>\n<\/p>\n<p>6. Tratamiento de los datos personales<br \/>\nCesiones de datos personales de los usuarios del Banco de Tierras: el solicitante declara que solo utilizar\u00e1 los datos personales de contacto que le pueda ceder ASG con la \u00fanica finalidad de explorar posibles negocios con los Usuarios propietarios de los datos personales cedidos.\n<\/p>\n<p>Tratamiento por parte de ASG: Para poder prestar el servicio del Banco de Tierras al solicitante, facilitar el contacto con posibles interesados en los negocios ofrecidos (y, en su caso, con posibles demandantes de Grandes Superficies) y poder realizar un seguimiento de las publicaciones en el Banco de Tierras, Aig\u00fces del Segarra Garrigues, S.A., con NIF: A25529074 y domicilio en la calle Mas d\u2019en Colom, 14, (Pol. Ind. La Canaleta) de T\u00e0rrega (CP: 25300), necesita tratar, como responsable del tratamiento, los datos personales que el solicitante comunica en este documento. Las finalidades de los mencionados tratamientos ser\u00e1n la operativa del Banco de Tierras, que podr\u00e1n implicar la cesi\u00f3n, por parte de ASG, de los datos personales facilitadas por el solicitante a aquellos terceros que puedan estar interesados en los negocios ofertados por el solicitante. ASG tambi\u00e9n podr\u00e1 tratar los datos personales para el cumplimiento con sus obligaciones legales.\n<\/p>\n<p>El tratamiento de los datos es necesario para la operativa del Banco de Tierras, de manera que si el solicitante no le facilita o se opone a su tratamiento, ASG no podr\u00e1 cumplir con su compromiso. En cualquier caso, el solicitante podr\u00e1 ejercer ante ASG los derechos de acceso, rectificaci\u00f3n o supresi\u00f3n, la limitaci\u00f3n del tratamiento o oponerse, as\u00ed como el derecho a la portabilidad de los datos o cualquier otro derecho reconocido por la normativa de protecci\u00f3n de datos aplicable en cada momento, enviando un escrito a la calle Mas d\u2019en Colom, 14, (Pol. Ind. La Canaleta) de T\u00e0rrega (CP: 25300), o bien a la direcci\u00f3n de correo electr\u00f3nico dades@aigues-asg.es, junto con una copia de su DNI (o otro documento oficial que acredite su identidad). As\u00ed mismo, si el solicitante lo considera oportuno, tambi\u00e9n puede presentar una reclamaci\u00f3n o cualquier cuesti\u00f3n relacionada con el cumplimiento de la normativa de protecci\u00f3n de datos ante la Agencia Espa\u00f1ola de Protecci\u00f3n de Dato (www.aepd.es.\n<\/p>\n<p>El solicitante encontrar\u00e1 m\u00e1s informaci\u00f3n sobre el tratamiento de sus datos personales por parte de ASG en los documentos que se entregan junto con este formulario, y en <a href=\"https:\/\/asg.k1t.eu\/es\/politica-de-privacitat\/\">Pol\u00edtica de privacidad<\/a>\n<\/p>\n<p><span class=\"wpcf7-form-control-wrap\" data-name=\"checkbox-550\"><span class=\"wpcf7-form-control wpcf7-checkbox wpcf7-validates-as-required\"><span class=\"wpcf7-list-item first last\"><label><input type=\"checkbox\" name=\"checkbox-550[]\" value=\"Estoy de acuerdo con lo establecido en este formulario\" \/><span class=\"wpcf7-list-item-label\">Estoy de acuerdo con lo establecido en este formulario<\/span><\/label><\/span><\/span><\/span>\n<\/p>\n<p><input class=\"wpcf7-form-control wpcf7-submit has-spinner\" type=\"submit\" value=\"Enviar\" \/>\n<\/p><p style=\"display: none !important;\" class=\"akismet-fields-container\" data-prefix=\"_wpcf7_ak_\"><label>&#916;<textarea name=\"_wpcf7_ak_hp_textarea\" cols=\"45\" rows=\"8\" maxlength=\"100\"><\/textarea><\/label><input type=\"hidden\" id=\"ak_js_2\" name=\"_wpcf7_ak_js\" value=\"115\"\/><script>document.getElementById( \"ak_js_2\" ).setAttribute( \"value\", ( new Date() ).getTime() );<\/script><\/p><div class=\"fusion-alert alert custom alert-custom fusion-alert-center wpcf7-response-output fusion-alert-capitalize awb-alert-native-link-color alert-dismissable awb-alert-close-boxed\" style=\"--awb-border-size:1px;--awb-border-top-left-radius:0px;--awb-border-top-right-radius:0px;--awb-border-bottom-left-radius:0px;--awb-border-bottom-right-radius:0px;\" role=\"alert\"><div class=\"fusion-alert-content-wrapper\"><span class=\"fusion-alert-content\"><\/span><\/div><button type=\"button\" class=\"close toggle-alert\" data-dismiss=\"alert\" aria-label=\"Close\">&times;<\/button><\/div>\n<\/form>\n<\/div>\n\n<\/div><\/div><\/div><\/div><\/div><\/p>","protected":false},"excerpt":{"rendered":"","protected":false},"author":1,"featured_media":0,"parent":0,"menu_order":0,"comment_status":"closed","ping_status":"closed","template":"","meta":{"footnotes":"","_links_to":"","_links_to_target":""},"class_list":["post-4547","page","type-page","status-publish","hentry"],"yoast_head":"<!-- This site is optimized with the Yoast SEO plugin v27.0 - https:\/\/yoast.com\/product\/yoast-seo-wordpress\/ -->\n<title>BDT-Ofrecer Tierra - Aig\u00fces del Segarra Garrigues<\/title>\n<meta name=\"robots\" content=\"index, follow, max-snippet:-1, max-image-preview:large, max-video-preview:-1\" \/>\n<link rel=\"canonical\" href=\"https:\/\/asg.k1t.eu\/es\/formulari-danunciant\/\" \/>\n<meta property=\"og:locale\" content=\"es_ES\" \/>\n<meta property=\"og:type\" content=\"article\" \/>\n<meta property=\"og:title\" content=\"BDT-Ofrecer Tierra - Aig\u00fces del Segarra Garrigues\" \/>\n<meta property=\"og:url\" content=\"https:\/\/asg.k1t.eu\/es\/formulari-danunciant\/\" \/>\n<meta property=\"og:site_name\" content=\"Aig\u00fces del Segarra Garrigues\" \/>\n<meta property=\"article:modified_time\" content=\"2022-04-19T09:46:38+00:00\" \/>\n<meta name=\"twitter:card\" content=\"summary_large_image\" \/>\n<meta name=\"twitter:label1\" content=\"Tiempo de lectura\" \/>\n\t<meta name=\"twitter:data1\" content=\"5 minutos\" \/>\n<script type=\"application\/ld+json\" class=\"yoast-schema-graph\">{\"@context\":\"https:\/\/schema.org\",\"@graph\":[{\"@type\":\"WebPage\",\"@id\":\"https:\/\/asg.k1t.eu\/es\/formulari-danunciant\/\",\"url\":\"https:\/\/asg.k1t.eu\/es\/formulari-danunciant\/\",\"name\":\"BDT-Ofrecer Tierra - Aig\u00fces del Segarra Garrigues\",\"isPartOf\":{\"@id\":\"https:\/\/asg.k1t.eu\/es\/#website\"},\"datePublished\":\"2021-06-18T17:00:41+00:00\",\"dateModified\":\"2022-04-19T09:46:38+00:00\",\"breadcrumb\":{\"@id\":\"https:\/\/asg.k1t.eu\/es\/formulari-danunciant\/#breadcrumb\"},\"inLanguage\":\"es\",\"potentialAction\":[{\"@type\":\"ReadAction\",\"target\":[[\"https:\/\/asg.k1t.eu\/es\/formulari-danunciant\/\"]]}]},{\"@type\":\"BreadcrumbList\",\"@id\":\"https:\/\/asg.k1t.eu\/es\/formulari-danunciant\/#breadcrumb\",\"itemListElement\":[{\"@type\":\"ListItem\",\"position\":1,\"name\":\"Inici\",\"item\":\"https:\/\/asg.k1t.eu\/es\/\"},{\"@type\":\"ListItem\",\"position\":2,\"name\":\"BDT-Oferir Terra\"}]},{\"@type\":\"WebSite\",\"@id\":\"https:\/\/asg.k1t.eu\/es\/#website\",\"url\":\"https:\/\/asg.k1t.eu\/es\/\",\"name\":\"Aig\u00fces del Segarra Garrigues\",\"description\":\"\",\"potentialAction\":[{\"@type\":\"SearchAction\",\"target\":{\"@type\":\"EntryPoint\",\"urlTemplate\":\"https:\/\/asg.k1t.eu\/es\/?s={search_term_string}\"},\"query-input\":{\"@type\":\"PropertyValueSpecification\",\"valueRequired\":true,\"valueName\":\"search_term_string\"}}],\"inLanguage\":\"es\"}]}<\/script>\n<!-- \/ Yoast SEO plugin. -->","yoast_head_json":{"title":"BDT-Ofrecer Tierra - Aig\u00fces del Segarra Garrigues","robots":{"index":"index","follow":"follow","max-snippet":"max-snippet:-1","max-image-preview":"max-image-preview:large","max-video-preview":"max-video-preview:-1"},"canonical":"https:\/\/asg.k1t.eu\/es\/formulari-danunciant\/","og_locale":"es_ES","og_type":"article","og_title":"BDT-Ofrecer Tierra - Aig\u00fces del Segarra Garrigues","og_url":"https:\/\/asg.k1t.eu\/es\/formulari-danunciant\/","og_site_name":"Aig\u00fces del Segarra Garrigues","article_modified_time":"2022-04-19T09:46:38+00:00","twitter_card":"summary_large_image","twitter_misc":{"Tiempo de lectura":"5 minutos"},"schema":{"@context":"https:\/\/schema.org","@graph":[{"@type":"WebPage","@id":"https:\/\/asg.k1t.eu\/es\/formulari-danunciant\/","url":"https:\/\/asg.k1t.eu\/es\/formulari-danunciant\/","name":"BDT-Ofrecer Tierra - Aig\u00fces del Segarra Garrigues","isPartOf":{"@id":"https:\/\/asg.k1t.eu\/es\/#website"},"datePublished":"2021-06-18T17:00:41+00:00","dateModified":"2022-04-19T09:46:38+00:00","breadcrumb":{"@id":"https:\/\/asg.k1t.eu\/es\/formulari-danunciant\/#breadcrumb"},"inLanguage":"es","potentialAction":[{"@type":"ReadAction","target":[["https:\/\/asg.k1t.eu\/es\/formulari-danunciant\/"]]}]},{"@type":"BreadcrumbList","@id":"https:\/\/asg.k1t.eu\/es\/formulari-danunciant\/#breadcrumb","itemListElement":[{"@type":"ListItem","position":1,"name":"Inici","item":"https:\/\/asg.k1t.eu\/es\/"},{"@type":"ListItem","position":2,"name":"BDT-Oferir Terra"}]},{"@type":"WebSite","@id":"https:\/\/asg.k1t.eu\/es\/#website","url":"https:\/\/asg.k1t.eu\/es\/","name":"Aig\u00fces del Segarra Garrigues","description":"","potentialAction":[{"@type":"SearchAction","target":{"@type":"EntryPoint","urlTemplate":"https:\/\/asg.k1t.eu\/es\/?s={search_term_string}"},"query-input":{"@type":"PropertyValueSpecification","valueRequired":true,"valueName":"search_term_string"}}],"inLanguage":"es"}]}},"_links":{"self":[{"href":"https:\/\/asg.k1t.eu\/es\/wp-json\/wp\/v2\/pages\/4547","targetHints":{"allow":["GET"]}}],"collection":[{"href":"https:\/\/asg.k1t.eu\/es\/wp-json\/wp\/v2\/pages"}],"about":[{"href":"https:\/\/asg.k1t.eu\/es\/wp-json\/wp\/v2\/types\/page"}],"author":[{"embeddable":true,"href":"https:\/\/asg.k1t.eu\/es\/wp-json\/wp\/v2\/users\/1"}],"replies":[{"embeddable":true,"href":"https:\/\/asg.k1t.eu\/es\/wp-json\/wp\/v2\/comments?post=4547"}],"version-history":[{"count":7,"href":"https:\/\/asg.k1t.eu\/es\/wp-json\/wp\/v2\/pages\/4547\/revisions"}],"predecessor-version":[{"id":4979,"href":"https:\/\/asg.k1t.eu\/es\/wp-json\/wp\/v2\/pages\/4547\/revisions\/4979"}],"wp:attachment":[{"href":"https:\/\/asg.k1t.eu\/es\/wp-json\/wp\/v2\/media?parent=4547"}],"curies":[{"name":"wp","href":"https:\/\/api.w.org\/{rel}","templated":true}]}}