{"id":3659,"date":"2019-08-28T23:43:42","date_gmt":"2019-08-28T21:43:42","guid":{"rendered":"https:\/\/asg.k1t.eu\/?page_id=3659"},"modified":"2019-08-29T00:06:52","modified_gmt":"2019-08-28T22:06:52","slug":"politica-de-galetes","status":"publish","type":"page","link":"https:\/\/asg.k1t.eu\/es\/politica-de-galetes\/","title":{"rendered":"POL\u00cdTICA DE COOKIES"},"content":{"rendered":"<p><div class=\"fusion-fullwidth fullwidth-box fusion-builder-row-3 fusion-flex-container nonhundred-percent-fullwidth non-hundred-percent-height-scrolling\" style=\"--awb-border-radius-top-left:0px;--awb-border-radius-top-right:0px;--awb-border-radius-bottom-right:0px;--awb-border-radius-bottom-left:0px;--awb-flex-wrap:wrap;\" ><div class=\"fusion-builder-row fusion-row fusion-flex-align-items-flex-start fusion-flex-content-wrap\" style=\"max-width:calc( 1300px + 0px );margin-left: calc(-0px \/ 2 );margin-right: calc(-0px \/ 2 );\"><div class=\"fusion-layout-column fusion_builder_column fusion-builder-column-2 fusion_builder_column_1_1 1_1 fusion-flex-column\" style=\"--awb-bg-size:cover;--awb-width-large:100%;--awb-margin-top-large:0px;--awb-spacing-right-large:0px;--awb-margin-bottom-large:20px;--awb-spacing-left-large:0px;--awb-width-medium:100%;--awb-spacing-right-medium:0px;--awb-spacing-left-medium:0px;--awb-width-small:100%;--awb-spacing-right-small:0px;--awb-spacing-left-small:0px;\"><div class=\"fusion-column-wrapper fusion-column-has-shadow fusion-flex-justify-content-flex-start fusion-content-layout-column\"><div class=\"fusion-title title fusion-title-2 fusion-sep-none fusion-title-text fusion-title-size-one\"><h1 class=\"fusion-title-heading title-heading-left fusion-responsive-typography-calculated\" style=\"margin:0;--fontSize:34;line-height:1.4;\"><strong><span style=\"font-family: helvetica, arial, sans-serif; color: #153c7f; font-size: 18pt;\">Pol\u00edtica de cookies<\/span><\/strong><\/h1><\/div><\/div><\/div><\/div><\/div><div class=\"fusion-fullwidth fullwidth-box fusion-builder-row-4 fusion-flex-container nonhundred-percent-fullwidth non-hundred-percent-height-scrolling\" style=\"--awb-border-radius-top-left:0px;--awb-border-radius-top-right:0px;--awb-border-radius-bottom-right:0px;--awb-border-radius-bottom-left:0px;--awb-flex-wrap:wrap;\" ><div class=\"fusion-builder-row fusion-row fusion-flex-align-items-flex-start fusion-flex-content-wrap\" style=\"max-width:calc( 1300px + 0px );margin-left: calc(-0px \/ 2 );margin-right: calc(-0px \/ 2 );\"><div class=\"fusion-layout-column fusion_builder_column fusion-builder-column-3 fusion_builder_column_1_1 1_1 fusion-flex-column\" style=\"--awb-bg-size:cover;--awb-width-large:100%;--awb-margin-top-large:0px;--awb-spacing-right-large:0px;--awb-margin-bottom-large:20px;--awb-spacing-left-large:0px;--awb-width-medium:100%;--awb-spacing-right-medium:0px;--awb-spacing-left-medium:0px;--awb-width-small:100%;--awb-spacing-right-small:0px;--awb-spacing-left-small:0px;\"><div class=\"fusion-column-wrapper fusion-flex-justify-content-flex-start fusion-content-layout-column\"><div class=\"fusion-text fusion-text-2\"><div class=\"panel-pane pane-entity-field pane-node-body\">\n<div class=\"pane-content\">\n<div class=\"body field\">\n<div class=\"large-12 main columns\">\n<article id=\"node-33\" class=\"node node-page view-mode-full\">\n<div class=\"field field-name-contingut field-type-text-with-summary field-label-hidden field-wrapper\"><\/div>\n<\/article>\n<\/div>\n<p class=\"p1\"><span style=\"font-family: helvetica, arial, sans-serif; font-size: 14pt;\"><strong><span class=\"s1\">COOKIES y FINALIDAD EN ESTE SITIO WEB\u00a0<\/span><\/strong><\/span><\/p>\n<p class=\"p2\"><span class=\"s1\" style=\"font-family: helvetica, arial, sans-serif; font-size: 14pt;\">Les informamos que para un correcto funcionamiento de la web <a href=\"https:\/\/asg.k1t.eu\"><span class=\"s4\">https:\/\/asg.k1t.eu<\/span><\/a>, el sistema de navegaci\u00f3n utiliza algunos datos de navegaci\u00f3n (\u201cCookies\u201d) para poder ofrecer un servicio m\u00e1s personalizado a los usuarios de la web. <\/span><\/p>\n<p class=\"p2\"><span class=\"s1\" style=\"font-family: helvetica, arial, sans-serif; font-size: 14pt;\">Las \u201cCookies\u201d son peque\u00f1os archivos de texto que el navegador guarda cuando se navega por p\u00e1ginas web y aplicaciones. Se puede obtener la informaci\u00f3n de la direcci\u00f3n IP que utiliza el ordenador para conectarse a la p\u00e1gina web, la direcci\u00f3n URL de la p\u00e1gina web solicitada, la hora de la conexi\u00f3n y otros par\u00e1metros relativos al sistema operativo del entorno inform\u00e1tico del usuario. Esta informaci\u00f3n tan solo se recoge para identificar la sesi\u00f3n con el objetivo de facilitar el an\u00e1lisis de la p\u00e1gina web. <\/span><\/p>\n<p class=\"p2\"><span style=\"font-family: helvetica, arial, sans-serif; font-size: 14pt;\"><span class=\"s1\">AIG\u00dcES DEL SEGARRA GARRIGUES, SA, <\/span><span class=\"s2\">en su web s\u00f3lo utiliza \u201ccookies\u201d de terceros del tipo cookies anal\u00edticas. En concreto de Google Analytics; que es un servicio de estad\u00edsticas de p\u00e1ginas web que ofrece Google, Inc. Google Analytics recoge informaci\u00f3n del equipo del usuario para obtener informes sobre la actividad de la aplicaci\u00f3n; almacena la informaci\u00f3n recogida por las \u201ccookies\u201d en servidores en los Estados Unidos. <\/span><span class=\"s1\"><br \/>\n<\/span><\/span><\/p>\n<p class=\"p2\"><span class=\"s1\" style=\"font-family: helvetica, arial, sans-serif; font-size: 14pt;\">Protecci\u00f3n de Datos Personales<\/span><\/p>\n<p class=\"p2\"><span class=\"s1\" style=\"font-family: helvetica, arial, sans-serif; font-size: 14pt;\">En virtud de la normativa de Protecci\u00f3n de Datos de Car\u00e1cter Personal, usado este website autoriza a que los datos personales facilitados sean incorporados en un fichero denominado XARXES SOCIALS I M\u00c0RQUETING responsabilidad de AIG\u00dcES DEL SEGARRA GARRIGUES S.A y domicilio en Carrer Mas d\u2019en Colom, 14 (Pol. Ind. la Canaleta), 25300 T\u00e0rrega (Lleida).<\/span><\/p>\n<p class=\"p2\"><span class=\"s1\" style=\"font-family: helvetica, arial, sans-serif; font-size: 14pt;\">La finalidad de este tratamiento es la de gestionar la informaci\u00f3n que se capta de los medios online. Estos datos no ser\u00e1n transmitidos a terceras personas \u2013 salvo lo detallado de Google- y ser\u00e1n conservados siempre que sea imprescindible o leg\u00edtimo para la finalidad que se captaron.<\/span><\/p>\n<p class=\"p2\"><span class=\"s1\" style=\"font-family: helvetica, arial, sans-serif; font-size: 14pt;\">En cualquier caso podr\u00e1 indicar la revocaci\u00f3n del consentimiento dado, as\u00ed como ejercitar los derechos de acceso, rectificaci\u00f3n o supresi\u00f3n, la limitaci\u00f3n del tratamiento u oponer-se, as\u00ed como el derecho a la portabilidad de los datos. Estas peticiones deber\u00e1n realizarse en el Carrer Mas d\u2019en Colom, 14 (Pol. Ind. la Canaleta), 25300 T\u00e0rrega (Lleida) o bien, enviar un correo electr\u00f3nico a: <a href=\"mailto:dades@aigues-asg.es\"><span class=\"s4\">dades@aigues-asg.es<\/span><\/a>. As\u00ed mismo tambi\u00e9n podr\u00e1 presentar una reclamaci\u00f3n ante la Agencia Espa\u00f1ola de Protecci\u00f3n de datos o cualquier otra autoridad de control.<\/span><\/p>\n<p class=\"p6\"><span class=\"s2\" style=\"font-family: helvetica, arial, sans-serif; font-size: 14pt;\">Se informa al usuario que Google podr\u00e1 transmitir esta informaci\u00f3n a terceros cuando as\u00ed lo requiera la ley, o cuando estos terceros procesen la informaci\u00f3n por cuenta de Google. Google no asociar\u00e1 la direcci\u00f3n IP del usuario con ning\u00fan otro dato de que disponga, y por lo tanto lo har\u00e1 totalmente de forma anonimizada.<\/span><\/p>\n<p class=\"p2\"><span class=\"s1\" style=\"font-family: helvetica, arial, sans-serif; font-size: 14pt;\">Para rehusar o eliminar esta \u201ccookie\u201d se puede consultar la siguiente direcci\u00f3n:<\/span><\/p>\n<p class=\"p7\"><span class=\"s5\" style=\"font-family: helvetica, arial, sans-serif; font-size: 14pt;\"><a href=\"http:\/\/www.google.com\/intl\/ca\/policies\/privacy\/\">http:\/\/www.google.com\/intl\/ca\/policies\/privacy\/<\/a><\/span><\/p>\n<p class=\"p7\"><span class=\"s5\" style=\"font-family: helvetica, arial, sans-serif; font-size: 14pt;\"><a href=\"http:\/\/www.google.com\/intl\/en\/privacypolicy.html\">http:\/\/www.google.com\/intl\/en\/privacypolicy.html<\/a><\/span><\/p>\n<p class=\"p2\"><span style=\"font-family: helvetica, arial, sans-serif; font-size: 14pt;\"><strong><span class=\"s1\">DESACTIVACI\u00d3N Y BLOQUEO DE LAS COOKIES<\/span><\/strong><\/span><\/p>\n<p class=\"p2\"><span class=\"s1\" style=\"font-family: helvetica, arial, sans-serif; font-size: 14pt;\">En cualquier caso, el usuario puede habilitar la opci\u00f3n de su propio sistema de navegaci\u00f3n para no permitir la instalaci\u00f3n de \u201ccookies\u201d; sin que en ning\u00fan caso AIG\u00dcES DEL SEGARRA GARRIGUES S.A. pueda ser responsable de que la inhabilitaci\u00f3n de \u201ccookies\u201d comporte que algunos de los servicios que ofrece esta web no funcione correctamente.<\/span><\/p>\n<p class=\"p2\"><span class=\"s1\" style=\"font-family: helvetica, arial, sans-serif; font-size: 14pt;\">En los siguientes enlaces, podr\u00e1 encontrar instrucciones que le ayudar\u00e1n a configurar los ajustes de los principales navegadores m\u00e1s utilizados.\u00a0<\/span><\/p>\n<p class=\"p8\"><span style=\"font-family: helvetica, arial, sans-serif; font-size: 14pt;\"><span class=\"s1\"><i>&#8211; Microsoft Internet Explorer, en la opci\u00f3n de men\u00fa Herramientas <\/i><\/span><span class=\"s6\"><i>\u2192<\/i><\/span><span class=\"s1\"><i> Opciones de Internet <\/i><\/span><span class=\"s6\"><i>\u2192<\/i><\/span><span class=\"s1\"><i> Privacidad <\/i><\/span><span class=\"s6\"><i>\u2192<\/i><\/span><span class=\"s1\"><i> Configuraci\u00f3n.<\/i><\/span><\/span><\/p>\n<p class=\"p8\"><span style=\"font-family: helvetica, arial, sans-serif; font-size: 14pt;\"><span class=\"s1\"><i>&#8211; Firefox, en la opci\u00f3n de men\u00fa Herramientas <\/i><\/span><span class=\"s6\"><i>\u2192<\/i><\/span><span class=\"s1\"><i> Opciones <\/i><\/span><span class=\"s6\"><i>\u2192<\/i><\/span><span class=\"s1\"><i> Privacidad <\/i><\/span><span class=\"s6\"><i>\u2192<\/i><\/span><span class=\"s1\"><i> Cookies.<\/i><\/span><\/span><\/p>\n<p class=\"p8\"><span style=\"font-family: helvetica, arial, sans-serif; font-size: 14pt;\"><span class=\"s1\"><i>&#8211; Chrome: Configuraci\u00f3n <\/i><\/span><span class=\"s6\"><i>\u2192<\/i><\/span><span class=\"s1\"><i> Mostrar opciones avanzadas <\/i><\/span><span class=\"s6\"><i>\u2192<\/i><\/span><span class=\"s1\"><i> Privacidad <\/i><\/span><span class=\"s6\"><i>\u2192<\/i><\/span><span class=\"s1\"><i> Configuraci\u00f3n de contenido.<\/i><\/span><\/span><\/p>\n<p class=\"p8\"><span style=\"font-family: helvetica, arial, sans-serif; font-size: 14pt;\"><span class=\"s1\"><i> Safari: Preferencias <\/i><\/span><span class=\"s6\"><i>\u2192<\/i><\/span><span class=\"s1\"><i> Seguridad.<\/i><\/span><\/span><\/p>\n<p class=\"p2\"><span class=\"s1\" style=\"font-family: helvetica, arial, sans-serif; font-size: 14pt;\">\u00a0\u00a0<\/span><\/p>\n<p class=\"p6\"><span class=\"s1\" style=\"font-family: helvetica, arial, sans-serif; font-size: 14pt;\">Si desea m\u00e1s informaci\u00f3n sobre las \u201ccookies\u201d y su manera de deshabilitarlas seg\u00fan su sistema de navegaci\u00f3n tambi\u00e9n puede consultar los siguientes links: <a href=\"http:\/\/www.aboutcookies.org\"><span class=\"s7\">www.aboutcookies.org<\/span><\/a><span class=\"Apple-converted-space\">\u00a0 <\/span>y <a href=\"http:\/\/www.aboutcookies.org\/Default.aspx?page=1\"><span class=\"s7\">http:\/\/www.aboutcookies.org\/Default.aspx?page=1<\/span><\/a><\/span><\/p>\n<div class=\"footer-container\">\n<section class=\"row post-footer\">\n<div class=\"large-6 columns\">\n<p class=\"p1\">\n<\/div>\n<\/section>\n<\/div>\n<\/div>\n<\/div>\n<\/div>\n<\/div><\/div><\/div><\/div><\/div><\/p>","protected":false},"excerpt":{"rendered":"","protected":false},"author":1,"featured_media":0,"parent":0,"menu_order":0,"comment_status":"closed","ping_status":"closed","template":"","meta":{"footnotes":"","_links_to":"","_links_to_target":""},"class_list":["post-3659","page","type-page","status-publish","hentry"],"yoast_head":"<!-- This site is optimized with the Yoast SEO plugin v27.0 - https:\/\/yoast.com\/product\/yoast-seo-wordpress\/ -->\n<title>POL\u00cdTICA DE COOKIES - Aig\u00fces del Segarra Garrigues<\/title>\n<meta name=\"robots\" content=\"index, follow, max-snippet:-1, max-image-preview:large, max-video-preview:-1\" \/>\n<link rel=\"canonical\" href=\"https:\/\/asg.k1t.eu\/es\/politica-de-galetes\/\" \/>\n<meta property=\"og:locale\" content=\"es_ES\" \/>\n<meta property=\"og:type\" content=\"article\" \/>\n<meta property=\"og:title\" content=\"POL\u00cdTICA DE COOKIES - Aig\u00fces del Segarra Garrigues\" \/>\n<meta property=\"og:url\" content=\"https:\/\/asg.k1t.eu\/es\/politica-de-galetes\/\" \/>\n<meta property=\"og:site_name\" content=\"Aig\u00fces del Segarra Garrigues\" \/>\n<meta property=\"article:modified_time\" content=\"2019-08-28T22:06:52+00:00\" \/>\n<meta name=\"twitter:card\" content=\"summary_large_image\" \/>\n<meta name=\"twitter:label1\" content=\"Tiempo de lectura\" \/>\n\t<meta name=\"twitter:data1\" content=\"12 minutos\" \/>\n<script type=\"application\/ld+json\" class=\"yoast-schema-graph\">{\"@context\":\"https:\/\/schema.org\",\"@graph\":[{\"@type\":\"WebPage\",\"@id\":\"https:\/\/asg.k1t.eu\/es\/politica-de-galetes\/\",\"url\":\"https:\/\/asg.k1t.eu\/es\/politica-de-galetes\/\",\"name\":\"POL\u00cdTICA DE COOKIES - Aig\u00fces del Segarra Garrigues\",\"isPartOf\":{\"@id\":\"https:\/\/asg.k1t.eu\/es\/#website\"},\"datePublished\":\"2019-08-28T21:43:42+00:00\",\"dateModified\":\"2019-08-28T22:06:52+00:00\",\"breadcrumb\":{\"@id\":\"https:\/\/asg.k1t.eu\/es\/politica-de-galetes\/#breadcrumb\"},\"inLanguage\":\"es\",\"potentialAction\":[{\"@type\":\"ReadAction\",\"target\":[[\"https:\/\/asg.k1t.eu\/es\/politica-de-galetes\/\"]]}]},{\"@type\":\"BreadcrumbList\",\"@id\":\"https:\/\/asg.k1t.eu\/es\/politica-de-galetes\/#breadcrumb\",\"itemListElement\":[{\"@type\":\"ListItem\",\"position\":1,\"name\":\"Inici\",\"item\":\"https:\/\/asg.k1t.eu\/es\/\"},{\"@type\":\"ListItem\",\"position\":2,\"name\":\"POL\u00cdTICA DE GALETES\"}]},{\"@type\":\"WebSite\",\"@id\":\"https:\/\/asg.k1t.eu\/es\/#website\",\"url\":\"https:\/\/asg.k1t.eu\/es\/\",\"name\":\"Aig\u00fces del Segarra Garrigues\",\"description\":\"\",\"potentialAction\":[{\"@type\":\"SearchAction\",\"target\":{\"@type\":\"EntryPoint\",\"urlTemplate\":\"https:\/\/asg.k1t.eu\/es\/?s={search_term_string}\"},\"query-input\":{\"@type\":\"PropertyValueSpecification\",\"valueRequired\":true,\"valueName\":\"search_term_string\"}}],\"inLanguage\":\"es\"}]}<\/script>\n<!-- \/ Yoast SEO plugin. -->","yoast_head_json":{"title":"POL\u00cdTICA DE COOKIES - Aig\u00fces del Segarra Garrigues","robots":{"index":"index","follow":"follow","max-snippet":"max-snippet:-1","max-image-preview":"max-image-preview:large","max-video-preview":"max-video-preview:-1"},"canonical":"https:\/\/asg.k1t.eu\/es\/politica-de-galetes\/","og_locale":"es_ES","og_type":"article","og_title":"POL\u00cdTICA DE COOKIES - Aig\u00fces del Segarra Garrigues","og_url":"https:\/\/asg.k1t.eu\/es\/politica-de-galetes\/","og_site_name":"Aig\u00fces del Segarra Garrigues","article_modified_time":"2019-08-28T22:06:52+00:00","twitter_card":"summary_large_image","twitter_misc":{"Tiempo de lectura":"12 minutos"},"schema":{"@context":"https:\/\/schema.org","@graph":[{"@type":"WebPage","@id":"https:\/\/asg.k1t.eu\/es\/politica-de-galetes\/","url":"https:\/\/asg.k1t.eu\/es\/politica-de-galetes\/","name":"POL\u00cdTICA DE COOKIES - Aig\u00fces del Segarra Garrigues","isPartOf":{"@id":"https:\/\/asg.k1t.eu\/es\/#website"},"datePublished":"2019-08-28T21:43:42+00:00","dateModified":"2019-08-28T22:06:52+00:00","breadcrumb":{"@id":"https:\/\/asg.k1t.eu\/es\/politica-de-galetes\/#breadcrumb"},"inLanguage":"es","potentialAction":[{"@type":"ReadAction","target":[["https:\/\/asg.k1t.eu\/es\/politica-de-galetes\/"]]}]},{"@type":"BreadcrumbList","@id":"https:\/\/asg.k1t.eu\/es\/politica-de-galetes\/#breadcrumb","itemListElement":[{"@type":"ListItem","position":1,"name":"Inici","item":"https:\/\/asg.k1t.eu\/es\/"},{"@type":"ListItem","position":2,"name":"POL\u00cdTICA DE GALETES"}]},{"@type":"WebSite","@id":"https:\/\/asg.k1t.eu\/es\/#website","url":"https:\/\/asg.k1t.eu\/es\/","name":"Aig\u00fces del Segarra Garrigues","description":"","potentialAction":[{"@type":"SearchAction","target":{"@type":"EntryPoint","urlTemplate":"https:\/\/asg.k1t.eu\/es\/?s={search_term_string}"},"query-input":{"@type":"PropertyValueSpecification","valueRequired":true,"valueName":"search_term_string"}}],"inLanguage":"es"}]}},"_links":{"self":[{"href":"https:\/\/asg.k1t.eu\/es\/wp-json\/wp\/v2\/pages\/3659","targetHints":{"allow":["GET"]}}],"collection":[{"href":"https:\/\/asg.k1t.eu\/es\/wp-json\/wp\/v2\/pages"}],"about":[{"href":"https:\/\/asg.k1t.eu\/es\/wp-json\/wp\/v2\/types\/page"}],"author":[{"embeddable":true,"href":"https:\/\/asg.k1t.eu\/es\/wp-json\/wp\/v2\/users\/1"}],"replies":[{"embeddable":true,"href":"https:\/\/asg.k1t.eu\/es\/wp-json\/wp\/v2\/comments?post=3659"}],"version-history":[{"count":4,"href":"https:\/\/asg.k1t.eu\/es\/wp-json\/wp\/v2\/pages\/3659\/revisions"}],"predecessor-version":[{"id":3663,"href":"https:\/\/asg.k1t.eu\/es\/wp-json\/wp\/v2\/pages\/3659\/revisions\/3663"}],"wp:attachment":[{"href":"https:\/\/asg.k1t.eu\/es\/wp-json\/wp\/v2\/media?parent=3659"}],"curies":[{"name":"wp","href":"https:\/\/api.w.org\/{rel}","templated":true}]}}