{"id":3,"date":"2019-02-06T18:30:43","date_gmt":"2019-02-06T17:30:43","guid":{"rendered":"https:\/\/asg.k1t.eu\/?page_id=3"},"modified":"2021-11-08T17:29:23","modified_gmt":"2021-11-08T16:29:23","slug":"politica-privacidad","status":"publish","type":"page","link":"https:\/\/asg.k1t.eu\/es\/politica-privacidad\/","title":{"rendered":"Pol\u00edtica de privacidad"},"content":{"rendered":"<p><div class=\"fusion-fullwidth fullwidth-box fusion-builder-row-3 fusion-flex-container nonhundred-percent-fullwidth non-hundred-percent-height-scrolling\" style=\"--awb-border-radius-top-left:0px;--awb-border-radius-top-right:0px;--awb-border-radius-bottom-right:0px;--awb-border-radius-bottom-left:0px;--awb-flex-wrap:wrap;\" ><div class=\"fusion-builder-row fusion-row fusion-flex-align-items-flex-start fusion-flex-content-wrap\" style=\"max-width:calc( 1300px + 0px );margin-left: calc(-0px \/ 2 );margin-right: calc(-0px \/ 2 );\"><div class=\"fusion-layout-column fusion_builder_column fusion-builder-column-3 fusion_builder_column_1_1 1_1 fusion-flex-column\" style=\"--awb-bg-size:cover;--awb-width-large:100%;--awb-margin-top-large:0px;--awb-spacing-right-large:0px;--awb-margin-bottom-large:20px;--awb-spacing-left-large:0px;--awb-width-medium:100%;--awb-spacing-right-medium:0px;--awb-spacing-left-medium:0px;--awb-width-small:100%;--awb-spacing-right-small:0px;--awb-spacing-left-small:0px;\"><div class=\"fusion-column-wrapper fusion-column-has-shadow fusion-flex-justify-content-flex-start fusion-content-layout-column\"><div class=\"fusion-title title fusion-title-2 fusion-sep-none fusion-title-text fusion-title-size-one\"><h1 class=\"fusion-title-heading title-heading-left fusion-responsive-typography-calculated\" style=\"margin:0;--fontSize:34;line-height:1.4;\"><strong><span style=\"font-family: helvetica, arial, sans-serif; color: #153c7f; font-size: 18pt;\">Aviso legal y pol\u00edtica de privacidad<\/span><\/strong><\/h1><\/div><\/div><\/div><\/div><\/div><div class=\"fusion-fullwidth fullwidth-box fusion-builder-row-4 fusion-flex-container nonhundred-percent-fullwidth non-hundred-percent-height-scrolling\" style=\"--awb-border-radius-top-left:0px;--awb-border-radius-top-right:0px;--awb-border-radius-bottom-right:0px;--awb-border-radius-bottom-left:0px;--awb-flex-wrap:wrap;\" ><div class=\"fusion-builder-row fusion-row fusion-flex-align-items-flex-start fusion-flex-content-wrap\" style=\"max-width:1352px;margin-left: calc(-4% \/ 2 );margin-right: calc(-4% \/ 2 );\"><div class=\"fusion-layout-column fusion_builder_column fusion-builder-column-4 fusion_builder_column_3_4 3_4 fusion-flex-column\" style=\"--awb-bg-size:cover;--awb-width-large:75%;--awb-margin-top-large:0px;--awb-spacing-right-large:3.84%;--awb-margin-bottom-large:20px;--awb-spacing-left-large:2.56%;--awb-width-medium:75%;--awb-spacing-right-medium:3.84%;--awb-spacing-left-medium:2.56%;--awb-width-small:100%;--awb-spacing-right-small:1.92%;--awb-spacing-left-small:1.92%;\"><div class=\"fusion-column-wrapper fusion-flex-justify-content-flex-start fusion-content-layout-column\"><div class=\"fusion-text fusion-text-2\"><div class=\"panel-pane pane-entity-field pane-node-body\">\n<div class=\"pane-content\">\n<div class=\"body field\">\n<div class=\"large-12 main columns\">\n<article id=\"node-33\" class=\"node node-page view-mode-full\">\n<div class=\"field field-name-contingut field-type-text-with-summary field-label-hidden field-wrapper\">\n<p><span style=\"font-family: helvetica, arial, sans-serif; font-size: 14pt;\"><strong>Informaci\u00f3n legal LSSIICE<\/strong><\/span><\/p>\n<p><span style=\"font-family: helvetica, arial, sans-serif; font-size: 14pt;\">De acuerdo con las obligaciones previstas en la Ley 34\/2002, de Servicios de la Sociedad de la Informaci\u00f3n y de Comercio Electr\u00f3nico (en adelante LSSICE), se manifiesta que el dominio\u00a0<a href=\"https:\/\/asg.k1t.eu\/\">https:\/\/asg.k1t.eu<\/a> es propiedad de <span class=\"s1\">AIG\u00dcES DEL SEGARRA GARRIGUES, SA, <\/span> con CIF A25529074, y con domicilio en la calle Mas d&#8217;en Colom, 14 (Pol. Ind. la Canaleta), 25300 T\u00e0rrega (Lleida).<\/span><\/p>\n<p><span style=\"font-family: helvetica, arial, sans-serif; font-size: 14pt;\">Que <span class=\"s1\">AIG\u00dcES DEL SEGARRA GARRIGUES, SA, <\/span> consta inscrita en el Registro Mercantil de Lleida, Secci\u00f3n General, Volumen 823, Folio 138, y Hoja L-15875.<\/span><\/p>\n<p><span style=\"font-family: helvetica, arial, sans-serif; font-size: 14pt;\"><span class=\"s1\">AIG\u00dcES DEL SEGARRA GARRIGUES, SA, <\/span> no puede asumir ninguna responsabilidad derivada del uso incorrecto, inapropiado o il\u00edcito de la informaci\u00f3n aparecida en sus p\u00e1ginas de Internet. Con los l\u00edmites establecidos en la ley, <span class=\"s1\">AIG\u00dcES DEL SEGARRA GARRIGUES, SA, <\/span> no asume ninguna responsabilidad derivada de la falta de veracidad, integridad, actualizaci\u00f3n y precisi\u00f3n de los datos o informaciones que se contienen en sus p\u00e1ginas de Internet.<\/span><\/p>\n<p><span style=\"font-family: helvetica, arial, sans-serif; font-size: 14pt;\">Los contenidos e informaci\u00f3n de las p\u00e1ginas de Internet de <span class=\"s1\">AIG\u00dcES DEL SEGARRA GARRIGUES, SA<\/span>, est\u00e1n elaborados por profesionales debidamente cualificados para el ejercicio de su profesi\u00f3n. Sin embargo, los contenidos e informaci\u00f3n no vinculan a la corporaci\u00f3n mencionada ni constituyen opiniones, consejos o asesoramiento legal de ning\u00fan tipo, ya que se trata meramente de un servicio ofrecido con car\u00e1cter informativo y divulgativo. Las p\u00e1ginas de Internet de <span class=\"s1\">AIG\u00dcES DEL SEGARRA GARRIGUES, SA<\/span>, pueden contener enlaces (links) a otras p\u00e1ginas de terceras partes. Por lo tanto, \u00e9sta no puede asumir responsabilidades por el contenido que pueda aparecer en p\u00e1ginas de terceros. Los textos, im\u00e1genes, sonidos, animaciones, software y el resto de contenidos incluidos en este sitio web son propiedad exclusiva de <span class=\"s1\">AIG\u00dcES DEL SEGARRA GARRIGUES, SA<\/span>, o sus licenciantes. Cualquier acto de transmisi\u00f3n, distribuci\u00f3n, cesi\u00f3n, reproducci\u00f3n, almacenamiento o comunicaci\u00f3n p\u00fablica total o parcial, debe contar con el consentimiento expreso de <span class=\"s1\">AIG\u00dcES DEL SEGARRA GARRIGUES, SA, <\/span>.<\/span><\/p>\n<p><span style=\"font-family: helvetica, arial, sans-serif; font-size: 14pt;\">Del mismo modo se reserva el derecho a retirar el acceso al Portal, sin necesidad de previo aviso, a cualquier usuario que contravenga lo dispuesto en este aviso legal.<\/span><\/p>\n<p><span style=\"font-family: helvetica, arial, sans-serif; font-size: 14pt;\"><strong>Protecci\u00f3n de datos personales<\/strong><\/span><\/p>\n<p><span style=\"font-family: helvetica, arial, sans-serif; font-size: 14pt;\">En virtud de la normativa de Protecci\u00f3n de Datos de Car\u00e1cter Personal, autoriza que los datos personales que ha facilitado sean incorporados en un fichero denominado &#8220;Marketing&#8221; responsabilidad de <span class=\"s1\">AIG\u00dcES DEL SEGARRA GARRIGUES, SA, <\/span> con CIF A25529074, y con domicilio en la calle Mas de Colom, 14 (Pol. Ind. la Canaleta), 25300 T\u00e0rrega (Lleida).<\/span><\/p>\n<p><span style=\"font-family: helvetica, arial, sans-serif; font-size: 14pt;\">La finalidad del tratamiento es gestionar su petici\u00f3n y poder ofrecerles nuestros servicios. Estos datos podr\u00e1n ser transmitidos a la Comunidad General de Regantes del Canal Segarra-Garrigues, con CIF G25318486, y sede en la Avenida de la Generalitat, 48, 25300, T\u00e0rrega (Lleida), y Infraestructuras de la Generalitat de Catalu\u00f1a, SAU, con CIF A59377135, con sede en la Calle del Verg\u00f3s, 36-42, 08017 Barcelona, \u200b\u200bcon el fin de dar satisfacci\u00f3n a la petici\u00f3n realizada. Los datos no ser\u00e1n transmitidos ninguna otra persona u organizaci\u00f3n y ser\u00e1n conservadas siempre que se mantenga la relaci\u00f3n jur\u00eddica o motivo que legitima su tratamiento.<\/span><\/p>\n<p><span style=\"font-family: helvetica, arial, sans-serif; font-size: 14pt;\">En cualquier caso, puede teclear la revocaci\u00f3n del consentimiento otorgado, as\u00ed como ejercitar los derechos de acceso, rectificaci\u00f3n o supresi\u00f3n, la limitaci\u00f3n del tratamiento u oponerse, as\u00ed como el derecho a la portabilidad de los datos. Estas peticiones ser\u00e1 necesario que las haga llegar a la Calle Mas de Colom, 14 (Pol. Ind. La Canaleta), 25300 T\u00e0rrega (Lleida) o en\u00a0<a href=\"mailto:dades@aigues-asg.es\">dades@aigues-asg.es<\/a><\/span><br \/>\n<span style=\"font-family: helvetica, arial, sans-serif; font-size: 14pt;\">Asimismo tambi\u00e9n podr\u00e1 presentar una reclamaci\u00f3n ante la Agencia Espa\u00f1ola de Protecci\u00f3n de datos o cualquier otra autoridad de control.<\/span><\/p>\n<p><span style=\"font-family: helvetica, arial, sans-serif; font-size: 14pt;\"><strong>Ley aplicable y jurisdicci\u00f3n<\/strong><\/span><\/p>\n<p><span style=\"font-family: helvetica, arial, sans-serif; font-size: 14pt;\">Estas condiciones generales se rigen por la Legislaci\u00f3n espa\u00f1ola, siendo competentes los Juzgados y Tribunales espa\u00f1oles para conocer de aquellas cuestiones se susciten sobre la interpretaci\u00f3n, aplicaci\u00f3n y cumplimiento de las mismas. El usuario, por virtud de su aceptaci\u00f3n a las condiciones generales recogidas en este aviso legal, renuncia expresamente a cualquier fuero que, por aplicaci\u00f3n de la Ley de Enjuiciamiento Civil vigente pudiera corresponderle.<\/span><\/p>\n<\/div>\n<\/article>\n<\/div>\n<p class=\"p1\"><a href=\"https:\/\/asg.k1t.eu\/politica-de-cookies\/\"><span style=\"font-family: helvetica, arial, sans-serif; font-size: 14pt;\"><strong><span class=\"s1\">VER POL\u00cdTICA DE COOKIES<\/span><\/strong><\/span><\/a><\/p>\n<div class=\"footer-container\">\n<section class=\"row post-footer\">\n<div class=\"large-6 columns\"><\/div>\n<\/section>\n<\/div>\n<\/div>\n<\/div>\n<\/div>\n<\/div><\/div><\/div><div class=\"fusion-layout-column fusion_builder_column fusion-builder-column-5 fusion_builder_column_1_4 1_4 fusion-flex-column\" style=\"--awb-bg-size:cover;--awb-width-large:25%;--awb-margin-top-large:0px;--awb-spacing-right-large:7.68%;--awb-margin-bottom-large:20px;--awb-spacing-left-large:3.84%;--awb-width-medium:25%;--awb-spacing-right-medium:7.68%;--awb-spacing-left-medium:3.84%;--awb-width-small:100%;--awb-spacing-right-small:1.92%;--awb-spacing-left-small:1.92%;\"><div class=\"fusion-column-wrapper fusion-flex-justify-content-flex-start fusion-content-layout-column\"><div class=\"fusion-widget-area awb-widget-area-element fusion-widget-area-2 fusion-content-widget-area\" style=\"--awb-title-color:#333333;--awb-padding:0px 0px 0px 0px;\"><section id=\"custom_html-5\" class=\"widget_text fusion-slidingbar-widget-column widget widget_custom_html\"><div class=\"textwidget custom-html-widget\">\n<div class=\"wpcf7 no-js\" id=\"wpcf7-f316-o2\" lang=\"es-ES\" dir=\"ltr\" data-wpcf7-id=\"316\">\n<div class=\"screen-reader-response\"><p role=\"status\" aria-live=\"polite\" aria-atomic=\"true\"><\/p> <ul><\/ul><\/div>\n<form action=\"\/es\/wp-json\/wp\/v2\/pages\/3#wpcf7-f316-o2\" method=\"post\" class=\"wpcf7-form init\" aria-label=\"Formulario de contacto\" novalidate=\"novalidate\" data-status=\"init\">\n<fieldset class=\"hidden-fields-container\"><input type=\"hidden\" name=\"_wpcf7\" value=\"316\" \/><input type=\"hidden\" name=\"_wpcf7_version\" value=\"6.1.5\" \/><input type=\"hidden\" name=\"_wpcf7_locale\" value=\"es_ES\" \/><input type=\"hidden\" name=\"_wpcf7_unit_tag\" value=\"wpcf7-f316-o2\" \/><input type=\"hidden\" name=\"_wpcf7_container_post\" value=\"0\" \/><input type=\"hidden\" name=\"_wpcf7_posted_data_hash\" value=\"\" \/><input type=\"hidden\" name=\"_wpcf7_recaptcha_response\" value=\"\" \/>\n<\/fieldset>\n<p><label> Nombre y apellidos*<br \/>\n<span class=\"wpcf7-form-control-wrap\" data-name=\"your-name\"><input size=\"40\" maxlength=\"400\" class=\"wpcf7-form-control wpcf7-text wpcf7-validates-as-required\" aria-required=\"true\" aria-invalid=\"false\" value=\"\" type=\"text\" name=\"your-name\" \/><\/span> <\/label>\n<\/p>\n<p><label> Telef\u00f3no*<br \/>\n<span class=\"wpcf7-form-control-wrap\" data-name=\"tel-460\"><input size=\"40\" maxlength=\"400\" class=\"wpcf7-form-control wpcf7-tel wpcf7-validates-as-required wpcf7-text wpcf7-validates-as-tel\" aria-required=\"true\" aria-invalid=\"false\" value=\"\" type=\"tel\" name=\"tel-460\" \/><\/span> <\/label>\n<\/p>\n<p><label> E-mail*<br \/>\n<span class=\"wpcf7-form-control-wrap\" data-name=\"your-email\"><input size=\"40\" maxlength=\"400\" class=\"wpcf7-form-control wpcf7-email wpcf7-validates-as-required wpcf7-text wpcf7-validates-as-email\" aria-required=\"true\" aria-invalid=\"false\" value=\"\" type=\"email\" name=\"your-email\" \/><\/span> <\/label>\n<\/p>\n<p><label> Asunto*<br \/>\n<span class=\"wpcf7-form-control-wrap\" data-name=\"your-subject\"><input size=\"40\" maxlength=\"400\" class=\"wpcf7-form-control wpcf7-text\" aria-invalid=\"false\" value=\"\" type=\"text\" name=\"your-subject\" \/><\/span> <\/label>\n<\/p>\n<p><label> Mensaje*<br \/>\n<span class=\"wpcf7-form-control-wrap\" data-name=\"your-message\"><textarea cols=\"40\" rows=\"10\" maxlength=\"2000\" class=\"wpcf7-form-control wpcf7-textarea\" aria-invalid=\"false\" name=\"your-message\"><\/textarea><\/span> <\/label>\n<\/p>\n<p><span class=\"wpcf7-form-control-wrap\" data-name=\"avisolegal\"><span class=\"wpcf7-form-control wpcf7-acceptance\"><span class=\"wpcf7-list-item\"><label><input type=\"checkbox\" name=\"avisolegal\" value=\"1\" aria-invalid=\"false\" \/><span class=\"wpcf7-list-item-label\">He sido informado\/da del tratamiento de mis datos de acuerdo con <a href=\"https:\/\/asg.k1t.eu\/es\/politica-privacidad\/\">el aviso legal<\/span><\/label><\/span><\/span><\/span>\n<\/p>\n<p><input class=\"wpcf7-form-control wpcf7-submit has-spinner\" type=\"submit\" value=\"Solicitar informaci\u00f3n\" \/>\n<\/p><p style=\"display: none !important;\" class=\"akismet-fields-container\" data-prefix=\"_wpcf7_ak_\"><label>&#916;<textarea name=\"_wpcf7_ak_hp_textarea\" cols=\"45\" rows=\"8\" maxlength=\"100\"><\/textarea><\/label><input type=\"hidden\" id=\"ak_js_2\" name=\"_wpcf7_ak_js\" value=\"217\"\/><script>document.getElementById( \"ak_js_2\" ).setAttribute( \"value\", ( new Date() ).getTime() );<\/script><\/p><div class=\"fusion-alert alert custom alert-custom fusion-alert-center wpcf7-response-output fusion-alert-capitalize awb-alert-native-link-color alert-dismissable awb-alert-close-boxed\" style=\"--awb-border-size:1px;--awb-border-top-left-radius:0px;--awb-border-top-right-radius:0px;--awb-border-bottom-left-radius:0px;--awb-border-bottom-right-radius:0px;\" role=\"alert\"><div class=\"fusion-alert-content-wrapper\"><span class=\"fusion-alert-content\"><\/span><\/div><button type=\"button\" class=\"close toggle-alert\" data-dismiss=\"alert\" aria-label=\"Close\">&times;<\/button><\/div>\n<\/form>\n<\/div>\n\r\n<\/div><div style=\"clear:both;\"><\/div><\/section><div class=\"fusion-additional-widget-content\"><\/div><\/div><\/div><\/div><\/div><\/div><\/p>","protected":false},"excerpt":{"rendered":"","protected":false},"author":1,"featured_media":0,"parent":0,"menu_order":0,"comment_status":"closed","ping_status":"open","template":"","meta":{"footnotes":"","_links_to":"","_links_to_target":""},"class_list":["post-3","page","type-page","status-publish","hentry"],"yoast_head":"<!-- This site is optimized with the Yoast SEO plugin v27.0 - https:\/\/yoast.com\/product\/yoast-seo-wordpress\/ -->\n<title>Pol\u00edtica de privacidad - Aig\u00fces del Segarra Garrigues<\/title>\n<meta name=\"robots\" content=\"index, follow, max-snippet:-1, max-image-preview:large, max-video-preview:-1\" \/>\n<link rel=\"canonical\" href=\"https:\/\/asg.k1t.eu\/es\/politica-privacidad\/\" \/>\n<meta property=\"og:locale\" content=\"es_ES\" \/>\n<meta property=\"og:type\" content=\"article\" \/>\n<meta property=\"og:title\" content=\"Pol\u00edtica de privacidad - Aig\u00fces del Segarra Garrigues\" \/>\n<meta property=\"og:url\" content=\"https:\/\/asg.k1t.eu\/es\/politica-privacidad\/\" \/>\n<meta property=\"og:site_name\" content=\"Aig\u00fces del Segarra Garrigues\" \/>\n<meta property=\"article:modified_time\" content=\"2021-11-08T16:29:23+00:00\" \/>\n<meta name=\"twitter:card\" content=\"summary_large_image\" \/>\n<meta name=\"twitter:label1\" content=\"Tiempo de lectura\" \/>\n\t<meta name=\"twitter:data1\" content=\"14 minutos\" \/>\n<script type=\"application\/ld+json\" class=\"yoast-schema-graph\">{\"@context\":\"https:\/\/schema.org\",\"@graph\":[{\"@type\":\"WebPage\",\"@id\":\"https:\/\/asg.k1t.eu\/es\/politica-privacidad\/\",\"url\":\"https:\/\/asg.k1t.eu\/es\/politica-privacidad\/\",\"name\":\"Pol\u00edtica de privacidad - Aig\u00fces del Segarra Garrigues\",\"isPartOf\":{\"@id\":\"https:\/\/asg.k1t.eu\/es\/#website\"},\"datePublished\":\"2019-02-06T17:30:43+00:00\",\"dateModified\":\"2021-11-08T16:29:23+00:00\",\"breadcrumb\":{\"@id\":\"https:\/\/asg.k1t.eu\/es\/politica-privacidad\/#breadcrumb\"},\"inLanguage\":\"es\",\"potentialAction\":[{\"@type\":\"ReadAction\",\"target\":[[\"https:\/\/asg.k1t.eu\/es\/politica-privacidad\/\"]]}]},{\"@type\":\"BreadcrumbList\",\"@id\":\"https:\/\/asg.k1t.eu\/es\/politica-privacidad\/#breadcrumb\",\"itemListElement\":[{\"@type\":\"ListItem\",\"position\":1,\"name\":\"Inici\",\"item\":\"https:\/\/asg.k1t.eu\/es\/\"},{\"@type\":\"ListItem\",\"position\":2,\"name\":\"Pol\u00edtica de privacitat\"}]},{\"@type\":\"WebSite\",\"@id\":\"https:\/\/asg.k1t.eu\/es\/#website\",\"url\":\"https:\/\/asg.k1t.eu\/es\/\",\"name\":\"Aig\u00fces del Segarra Garrigues\",\"description\":\"\",\"potentialAction\":[{\"@type\":\"SearchAction\",\"target\":{\"@type\":\"EntryPoint\",\"urlTemplate\":\"https:\/\/asg.k1t.eu\/es\/?s={search_term_string}\"},\"query-input\":{\"@type\":\"PropertyValueSpecification\",\"valueRequired\":true,\"valueName\":\"search_term_string\"}}],\"inLanguage\":\"es\"}]}<\/script>\n<!-- \/ Yoast SEO plugin. -->","yoast_head_json":{"title":"Pol\u00edtica de privacidad - Aig\u00fces del Segarra Garrigues","robots":{"index":"index","follow":"follow","max-snippet":"max-snippet:-1","max-image-preview":"max-image-preview:large","max-video-preview":"max-video-preview:-1"},"canonical":"https:\/\/asg.k1t.eu\/es\/politica-privacidad\/","og_locale":"es_ES","og_type":"article","og_title":"Pol\u00edtica de privacidad - Aig\u00fces del Segarra Garrigues","og_url":"https:\/\/asg.k1t.eu\/es\/politica-privacidad\/","og_site_name":"Aig\u00fces del Segarra Garrigues","article_modified_time":"2021-11-08T16:29:23+00:00","twitter_card":"summary_large_image","twitter_misc":{"Tiempo de lectura":"14 minutos"},"schema":{"@context":"https:\/\/schema.org","@graph":[{"@type":"WebPage","@id":"https:\/\/asg.k1t.eu\/es\/politica-privacidad\/","url":"https:\/\/asg.k1t.eu\/es\/politica-privacidad\/","name":"Pol\u00edtica de privacidad - Aig\u00fces del Segarra Garrigues","isPartOf":{"@id":"https:\/\/asg.k1t.eu\/es\/#website"},"datePublished":"2019-02-06T17:30:43+00:00","dateModified":"2021-11-08T16:29:23+00:00","breadcrumb":{"@id":"https:\/\/asg.k1t.eu\/es\/politica-privacidad\/#breadcrumb"},"inLanguage":"es","potentialAction":[{"@type":"ReadAction","target":[["https:\/\/asg.k1t.eu\/es\/politica-privacidad\/"]]}]},{"@type":"BreadcrumbList","@id":"https:\/\/asg.k1t.eu\/es\/politica-privacidad\/#breadcrumb","itemListElement":[{"@type":"ListItem","position":1,"name":"Inici","item":"https:\/\/asg.k1t.eu\/es\/"},{"@type":"ListItem","position":2,"name":"Pol\u00edtica de privacitat"}]},{"@type":"WebSite","@id":"https:\/\/asg.k1t.eu\/es\/#website","url":"https:\/\/asg.k1t.eu\/es\/","name":"Aig\u00fces del Segarra Garrigues","description":"","potentialAction":[{"@type":"SearchAction","target":{"@type":"EntryPoint","urlTemplate":"https:\/\/asg.k1t.eu\/es\/?s={search_term_string}"},"query-input":{"@type":"PropertyValueSpecification","valueRequired":true,"valueName":"search_term_string"}}],"inLanguage":"es"}]}},"_links":{"self":[{"href":"https:\/\/asg.k1t.eu\/es\/wp-json\/wp\/v2\/pages\/3","targetHints":{"allow":["GET"]}}],"collection":[{"href":"https:\/\/asg.k1t.eu\/es\/wp-json\/wp\/v2\/pages"}],"about":[{"href":"https:\/\/asg.k1t.eu\/es\/wp-json\/wp\/v2\/types\/page"}],"author":[{"embeddable":true,"href":"https:\/\/asg.k1t.eu\/es\/wp-json\/wp\/v2\/users\/1"}],"replies":[{"embeddable":true,"href":"https:\/\/asg.k1t.eu\/es\/wp-json\/wp\/v2\/comments?post=3"}],"version-history":[{"count":28,"href":"https:\/\/asg.k1t.eu\/es\/wp-json\/wp\/v2\/pages\/3\/revisions"}],"predecessor-version":[{"id":4913,"href":"https:\/\/asg.k1t.eu\/es\/wp-json\/wp\/v2\/pages\/3\/revisions\/4913"}],"wp:attachment":[{"href":"https:\/\/asg.k1t.eu\/es\/wp-json\/wp\/v2\/media?parent=3"}],"curies":[{"name":"wp","href":"https:\/\/api.w.org\/{rel}","templated":true}]}}