{"id":3659,"date":"2019-08-28T23:43:42","date_gmt":"2019-08-28T21:43:42","guid":{"rendered":"https:\/\/asg.k1t.eu\/?page_id=3659"},"modified":"2019-08-29T00:06:52","modified_gmt":"2019-08-28T22:06:52","slug":"politica-de-galetes","status":"publish","type":"page","link":"https:\/\/asg.k1t.eu\/ca\/politica-de-galetes\/","title":{"rendered":"POL\u00cdTICA DE GALETES"},"content":{"rendered":"<p><div class=\"fusion-fullwidth fullwidth-box fusion-builder-row-1 fusion-flex-container nonhundred-percent-fullwidth non-hundred-percent-height-scrolling\" style=\"--awb-border-radius-top-left:0px;--awb-border-radius-top-right:0px;--awb-border-radius-bottom-right:0px;--awb-border-radius-bottom-left:0px;--awb-flex-wrap:wrap;\" ><div class=\"fusion-builder-row fusion-row fusion-flex-align-items-flex-start fusion-flex-content-wrap\" style=\"max-width:calc( 1300px + 0px );margin-left: calc(-0px \/ 2 );margin-right: calc(-0px \/ 2 );\"><div class=\"fusion-layout-column fusion_builder_column fusion-builder-column-0 fusion_builder_column_1_1 1_1 fusion-flex-column\" style=\"--awb-bg-size:cover;--awb-width-large:100%;--awb-margin-top-large:0px;--awb-spacing-right-large:0px;--awb-margin-bottom-large:20px;--awb-spacing-left-large:0px;--awb-width-medium:100%;--awb-spacing-right-medium:0px;--awb-spacing-left-medium:0px;--awb-width-small:100%;--awb-spacing-right-small:0px;--awb-spacing-left-small:0px;\"><div class=\"fusion-column-wrapper fusion-column-has-shadow fusion-flex-justify-content-flex-start fusion-content-layout-column\"><div class=\"fusion-title title fusion-title-1 fusion-sep-none fusion-title-text fusion-title-size-one\"><h1 class=\"fusion-title-heading title-heading-left fusion-responsive-typography-calculated\" style=\"margin:0;--fontSize:34;line-height:1.4;\"><p style=\"text-align: left;\"><strong><span style=\"font-family: helvetica, arial, sans-serif; color: #153c7f; font-size: 18pt;\">Pol\u00edtica de galetes<\/span><\/strong><\/p><\/h1><\/div><\/div><\/div><\/div><\/div><div class=\"fusion-fullwidth fullwidth-box fusion-builder-row-2 fusion-flex-container nonhundred-percent-fullwidth non-hundred-percent-height-scrolling\" style=\"--awb-border-radius-top-left:0px;--awb-border-radius-top-right:0px;--awb-border-radius-bottom-right:0px;--awb-border-radius-bottom-left:0px;--awb-flex-wrap:wrap;\" ><div class=\"fusion-builder-row fusion-row fusion-flex-align-items-flex-start fusion-flex-content-wrap\" style=\"max-width:calc( 1300px + 0px );margin-left: calc(-0px \/ 2 );margin-right: calc(-0px \/ 2 );\"><div class=\"fusion-layout-column fusion_builder_column fusion-builder-column-1 fusion_builder_column_1_1 1_1 fusion-flex-column\" style=\"--awb-bg-size:cover;--awb-width-large:100%;--awb-margin-top-large:0px;--awb-spacing-right-large:0px;--awb-margin-bottom-large:20px;--awb-spacing-left-large:0px;--awb-width-medium:100%;--awb-spacing-right-medium:0px;--awb-spacing-left-medium:0px;--awb-width-small:100%;--awb-spacing-right-small:0px;--awb-spacing-left-small:0px;\"><div class=\"fusion-column-wrapper fusion-flex-justify-content-flex-start fusion-content-layout-column\"><div class=\"fusion-text fusion-text-1\"><div class=\"panel-pane pane-entity-field pane-node-body\">\n<div class=\"pane-content\">\n<div class=\"body field\">\n<p class=\"p1\"><span style=\"font-family: helvetica, arial, sans-serif; font-size: 14pt;\"><strong><span class=\"s1\">GALETES I FINALITAT EN AQUEST LLOC WEB <\/span><\/strong><\/span><\/p>\n<p class=\"p1\"><span style=\"font-family: helvetica, arial, sans-serif; font-size: 14pt;\"><span class=\"s1\">Us informem que per un bon funcionament de la web <a href=\"https:\/\/asg.k1t.eu\"><span class=\"s3\">https:\/\/asg.k1t.eu<\/span><\/a><\/span> <span class=\"s1\">el sistema de navegaci\u00f3 utilitza algunes dades de navegaci\u00f3 (galetes, \u201ccookies\u201d en angl\u00e8s) per poder-vos oferir un servei m\u00e9s acurat. Les galetes s\u00f3n petits arxius de text que el navegador emmagatzema quan navegueu per llocs web i aplicacions. Pot ser recollida l\u2019adre\u00e7a IP que utilitza l\u2019ordinador per connectar-se al lloc web, l\u2019adre\u00e7a URL de la p\u00e0gina web demanada, l\u2019hora de la connexi\u00f3 i altres par\u00e0metres relatius al sistema operatiu de l\u2019entorn inform\u00e0tic de l\u2018usuari. Aquesta informaci\u00f3 nom\u00e9s es recull per identificar la sessi\u00f3 amb l\u2019objectiu de facilitar les an\u00e0lisis del lloc web. <\/span><\/span><\/p>\n<p class=\"p1\"><span class=\"s1\" style=\"font-family: helvetica, arial, sans-serif; font-size: 14pt;\">AIG\u00dcES DEL SEGARRA GARRIGUES, SA, en la seva web nom\u00e9s utilitza galetes de tercers, del tipus galetes anal\u00edtiques: En concret de Google Analytics, que \u00e9s un servei d\u2019estad\u00edstiques de p\u00e0gines web que ofereix Google, Inc. Google Analytics recull informaci\u00f3 de l\u2019equip de l\u2019usuari per obtenir-ne informes sobre l\u2019activitat de l\u2019aplicaci\u00f3; emmagatzema la informaci\u00f3 recollida per les galetes en servidors als Estats Units.<\/span><\/p>\n<p class=\"p1\"><span class=\"s1\" style=\"font-family: helvetica, arial, sans-serif; font-size: 14pt;\">En virtut de la normativa de Protecci\u00f3 de Dades de Car\u00e0cter Personal, en usar aquest lloc web autoritzeu a que les dades personals que faciliteu siguin incorporades a un fitxer denominat XARXES SOCIALS I M\u00c0RQUETING, responsabilitat d\u2019AIG\u00dcES DEL SEGARRA GARRIGUES, SA, amb seu social al Carrer Mas d\u2019en Colom, 14 (Pol. Ind. la Canaleta), 25300 T\u00e0rrega (Lleida).<\/span><\/p>\n<p class=\"p1\"><span class=\"s1\" style=\"font-family: helvetica, arial, sans-serif; font-size: 14pt;\">La finalitat d\u2019aquest tractament \u00e9s la de gestionar tota la informaci\u00f3 obtinguda dels medis en l\u00ednia. Aquestes dades no seran transmeses a terceres persones \u2013 excepci\u00f3 feta d\u2019all\u00f2 que s\u2019ha explicat de Google- i seran conservades sempre que sigui imprescindible o leg\u00edtim per la finalitat pe la que es captaren.<\/span><\/p>\n<p class=\"p1\"><span class=\"s1\" style=\"font-family: helvetica, arial, sans-serif; font-size: 14pt;\">En qualsevol cas podreu indicar la revocaci\u00f3 del consentiment atorgat, aix\u00ed com exercitar els vostres drets d\u2019acc\u00e9s, rectificaci\u00f3 o supressi\u00f3, la limitaci\u00f3 del tractament o oposar-vos, aix\u00ed com el dret a la portabilitat de les dades. Aquestes peticions caldr\u00e0 que les feu arribar al Carrer Mas d\u2019en Colom, 14 (Pol. Ind. la Canaleta), 25300 T\u00e0rrega (Lleida).<\/span><\/p>\n<p class=\"p1\"><span class=\"s1\" style=\"font-family: helvetica, arial, sans-serif; font-size: 14pt;\">Aix\u00ed mateix tamb\u00e9 podreu presentar una reclamaci\u00f3 davant la Ag\u00e8ncia Espanyola de Protecci\u00f3 de dades o qualsevol altra autoritat de control.<\/span><\/p>\n<p class=\"p1\"><span class=\"s1\" style=\"font-family: helvetica, arial, sans-serif; font-size: 14pt;\">Us informem que Google podr\u00e0 transmetre aquesta informaci\u00f3 a tercers quan aix\u00ed ho requereixi la llei, o quan aquests tercers processin la informaci\u00f3 per compte de Google. Google no associar\u00e0 l\u2019adre\u00e7a IP de l\u2019usuari amb cap altra dada de qu\u00e8 disposi, i per tant ho far\u00e0 totalment de forma anonimitzada.<\/span><\/p>\n<p class=\"p1\"><span class=\"s1\" style=\"font-family: helvetica, arial, sans-serif; font-size: 14pt;\">Per rebutjar o eliminar aquesta galeta es pot consultar la seg\u00fcent adre\u00e7a:<\/span><\/p>\n<p class=\"p5\"><span class=\"s5\" style=\"font-family: helvetica, arial, sans-serif; font-size: 14pt;\"><a href=\"http:\/\/www.google.com\/intl\/ca\/policies\/privacy\/\">http:\/\/www.google.com\/intl\/ca\/policies\/privacy\/<\/a><\/span><\/p>\n<p class=\"p5\"><span class=\"s5\" style=\"font-family: helvetica, arial, sans-serif; font-size: 14pt;\"><a href=\"http:\/\/www.google.com\/intl\/en\/privacypolicy.html\">http:\/\/www.google.com\/intl\/en\/privacypolicy.html<\/a><\/span><\/p>\n<p class=\"p1\"><span style=\"font-family: helvetica, arial, sans-serif; font-size: 14pt;\"><strong><span class=\"s1\">DESACTIVACI\u00d3 I BLOQUEIG DE LES GALETES <\/span><\/strong><\/span><\/p>\n<p class=\"p1\"><span class=\"s1\" style=\"font-family: helvetica, arial, sans-serif; font-size: 14pt;\">En qualsevol cas, podeu habilitar l\u2019opci\u00f3 del vostre propi sistema de navegaci\u00f3 per no permetre la instal\u00b7laci\u00f3 de galetes; sense que en cap cas AIG\u00dcES DEL SEGARRA GARRIGUES, SA, pugui ser responsable de que la inhabilitaci\u00f3 de galetes comporti que alguns dels serveis que ofereix en aquesta web no funcioni correctament.<\/span><\/p>\n<p class=\"p1\"><span class=\"s1\" style=\"font-family: helvetica, arial, sans-serif; font-size: 14pt;\">En els seg\u00fcents enlla\u00e7os, podreu trobar instruccions que l\u2019ajudaran a configurar els ajustos dels principals navegadors m\u00e9s utilitzats. <\/span><\/p>\n<p class=\"p6\"><span style=\"font-family: helvetica, arial, sans-serif; font-size: 14pt;\"><span class=\"s1\"><i>&#8211; Microsoft Internet Explorer, en la opci\u00f3 d\u2019Eines <\/i><\/span><span class=\"s6\"><i>\u2192<\/i><\/span><span class=\"s1\"><i> Opcions de Internet <\/i><\/span><span class=\"s6\"><i>\u2192<\/i><\/span><span class=\"s1\"><i> Privacitat <\/i><\/span><span class=\"s6\"><i>\u2192<\/i><\/span><span class=\"s1\"><i> Configuraci\u00f3.<\/i><\/span><\/span><\/p>\n<p class=\"p6\"><span style=\"font-family: helvetica, arial, sans-serif; font-size: 14pt;\"><span class=\"s1\"><i>&#8211; Firefox, en la opci\u00f3 d\u2019Eines <\/i><\/span><span class=\"s6\"><i>\u2192<\/i><\/span><span class=\"s1\"><i> Opcions <\/i><\/span><span class=\"s6\"><i>\u2192<\/i><\/span><span class=\"s1\"><i> Privacitat <\/i><\/span><span class=\"s6\"><i>\u2192<\/i><\/span><span class=\"s1\"><i> Galetes.<\/i><\/span><\/span><\/p>\n<p class=\"p6\"><span style=\"font-family: helvetica, arial, sans-serif; font-size: 14pt;\"><span class=\"s1\"><i>&#8211; Chrome: Configuraci\u00f3 <\/i><\/span><span class=\"s6\"><i>\u2192<\/i><\/span><span class=\"s1\"><i> opcions avan\u00e7ades <\/i><\/span><span class=\"s6\"><i>\u2192<\/i><\/span><span class=\"s1\"><i> Privacitat <\/i><\/span><span class=\"s6\"><i>\u2192<\/i><\/span><span class=\"s1\"><i> Configuraci\u00f3 de contingut.<\/i><\/span><\/span><\/p>\n<p class=\"p6\"><span style=\"font-family: helvetica, arial, sans-serif; font-size: 14pt;\"><span class=\"s1\"><i> Safari: Preferencies <\/i><\/span><span class=\"s6\"><i>\u2192<\/i><\/span><span class=\"s1\"><i> Seguretat<\/i><\/span><\/span><\/p>\n<p class=\"p1\"><span class=\"s1\" style=\"font-family: helvetica, arial, sans-serif; font-size: 14pt;\">Si desitgeu m\u00e9s informaci\u00f3 sobre les galetes i com podeu deshabilitar-les segons el vostre sistema de navegaci\u00f3 tamb\u00e9 podeu consultar els seg\u00fcents links: <a href=\"http:\/\/www.aboutcookies.org\"><span class=\"s7\">www.aboutcookies.org<\/span><\/a> i <a href=\"http:\/\/www.aboutcookies.org\/Default.aspx?page=1\"><span class=\"s7\">http:\/\/www.aboutcookies.org\/Default.aspx?page=1<\/span><\/a><\/span><\/p>\n<p class=\"p1\"><span class=\"s1\" style=\"font-family: helvetica, arial, sans-serif; font-size: 14pt;\">En cas contrari, i havent-vos informat AIG\u00dcES DEL SEGARRA GARRIGUES, SA, de l\u2019\u00fas de galetes, en cas que aquestes no hagin estat inhabilitades implica que doneu el consentiment al tractament de dades per Google en la forma prevista en aquest av\u00eds i per les finalitats aqu\u00ed descrites.<\/span><\/p>\n<p class=\"p1\"><span class=\"s1\" style=\"font-family: helvetica, arial, sans-serif; font-size: 14pt;\">En cas de dubte o de qualsevol comentari, us podeu dirigir a AIG\u00dcES DEL SEGARRA GARRIGUES, SA, a trav\u00e9s dels mitjans d\u2019atenci\u00f3 al p\u00fablic o b\u00e9 podeu comunicar-vos amb nosaltres a trav\u00e9s de: <a href=\"mailto:dades@aigues-asg.es\"><span class=\"s3\">dades@aigues-asg.es<\/span><\/a><\/span><\/p>\n<\/div>\n<\/div>\n<\/div>\n<\/div><\/div><\/div><\/div><\/div><\/p>","protected":false},"excerpt":{"rendered":"","protected":false},"author":1,"featured_media":0,"parent":0,"menu_order":0,"comment_status":"closed","ping_status":"closed","template":"","meta":{"footnotes":"","_links_to":"","_links_to_target":""},"class_list":["post-3659","page","type-page","status-publish","hentry"],"yoast_head":"<!-- This site is optimized with the Yoast SEO plugin v27.0 - https:\/\/yoast.com\/product\/yoast-seo-wordpress\/ -->\n<title>POL\u00cdTICA DE GALETES - Aig\u00fces del Segarra Garrigues<\/title>\n<meta name=\"robots\" content=\"index, follow, max-snippet:-1, max-image-preview:large, max-video-preview:-1\" \/>\n<link rel=\"canonical\" href=\"https:\/\/asg.k1t.eu\/ca\/politica-de-galetes\/\" \/>\n<meta property=\"og:locale\" content=\"ca_ES\" \/>\n<meta property=\"og:type\" content=\"article\" \/>\n<meta property=\"og:title\" content=\"POL\u00cdTICA DE GALETES - Aig\u00fces del Segarra Garrigues\" \/>\n<meta property=\"og:url\" content=\"https:\/\/asg.k1t.eu\/ca\/politica-de-galetes\/\" \/>\n<meta property=\"og:site_name\" content=\"Aig\u00fces del Segarra Garrigues\" \/>\n<meta property=\"article:modified_time\" content=\"2019-08-28T22:06:52+00:00\" \/>\n<meta name=\"twitter:card\" content=\"summary_large_image\" \/>\n<meta name=\"twitter:label1\" content=\"Temps estimat de lectura\" \/>\n\t<meta name=\"twitter:data1\" content=\"12 minuts\" \/>\n<script type=\"application\/ld+json\" class=\"yoast-schema-graph\">{\"@context\":\"https:\/\/schema.org\",\"@graph\":[{\"@type\":\"WebPage\",\"@id\":\"https:\/\/asg.k1t.eu\/ca\/politica-de-galetes\/\",\"url\":\"https:\/\/asg.k1t.eu\/ca\/politica-de-galetes\/\",\"name\":\"POL\u00cdTICA DE GALETES - Aig\u00fces del Segarra Garrigues\",\"isPartOf\":{\"@id\":\"https:\/\/asg.k1t.eu\/ca\/#website\"},\"datePublished\":\"2019-08-28T21:43:42+00:00\",\"dateModified\":\"2019-08-28T22:06:52+00:00\",\"breadcrumb\":{\"@id\":\"https:\/\/asg.k1t.eu\/ca\/politica-de-galetes\/#breadcrumb\"},\"inLanguage\":\"ca\",\"potentialAction\":[{\"@type\":\"ReadAction\",\"target\":[[\"https:\/\/asg.k1t.eu\/ca\/politica-de-galetes\/\"]]}]},{\"@type\":\"BreadcrumbList\",\"@id\":\"https:\/\/asg.k1t.eu\/ca\/politica-de-galetes\/#breadcrumb\",\"itemListElement\":[{\"@type\":\"ListItem\",\"position\":1,\"name\":\"Inici\",\"item\":\"https:\/\/asg.k1t.eu\/ca\/\"},{\"@type\":\"ListItem\",\"position\":2,\"name\":\"POL\u00cdTICA DE GALETES\"}]},{\"@type\":\"WebSite\",\"@id\":\"https:\/\/asg.k1t.eu\/ca\/#website\",\"url\":\"https:\/\/asg.k1t.eu\/ca\/\",\"name\":\"Aig\u00fces del Segarra Garrigues\",\"description\":\"\",\"potentialAction\":[{\"@type\":\"SearchAction\",\"target\":{\"@type\":\"EntryPoint\",\"urlTemplate\":\"https:\/\/asg.k1t.eu\/ca\/?s={search_term_string}\"},\"query-input\":{\"@type\":\"PropertyValueSpecification\",\"valueRequired\":true,\"valueName\":\"search_term_string\"}}],\"inLanguage\":\"ca\"}]}<\/script>\n<!-- \/ Yoast SEO plugin. -->","yoast_head_json":{"title":"POL\u00cdTICA DE GALETES - Aig\u00fces del Segarra Garrigues","robots":{"index":"index","follow":"follow","max-snippet":"max-snippet:-1","max-image-preview":"max-image-preview:large","max-video-preview":"max-video-preview:-1"},"canonical":"https:\/\/asg.k1t.eu\/ca\/politica-de-galetes\/","og_locale":"ca_ES","og_type":"article","og_title":"POL\u00cdTICA DE GALETES - Aig\u00fces del Segarra Garrigues","og_url":"https:\/\/asg.k1t.eu\/ca\/politica-de-galetes\/","og_site_name":"Aig\u00fces del Segarra Garrigues","article_modified_time":"2019-08-28T22:06:52+00:00","twitter_card":"summary_large_image","twitter_misc":{"Temps estimat de lectura":"12 minuts"},"schema":{"@context":"https:\/\/schema.org","@graph":[{"@type":"WebPage","@id":"https:\/\/asg.k1t.eu\/ca\/politica-de-galetes\/","url":"https:\/\/asg.k1t.eu\/ca\/politica-de-galetes\/","name":"POL\u00cdTICA DE GALETES - Aig\u00fces del Segarra Garrigues","isPartOf":{"@id":"https:\/\/asg.k1t.eu\/ca\/#website"},"datePublished":"2019-08-28T21:43:42+00:00","dateModified":"2019-08-28T22:06:52+00:00","breadcrumb":{"@id":"https:\/\/asg.k1t.eu\/ca\/politica-de-galetes\/#breadcrumb"},"inLanguage":"ca","potentialAction":[{"@type":"ReadAction","target":[["https:\/\/asg.k1t.eu\/ca\/politica-de-galetes\/"]]}]},{"@type":"BreadcrumbList","@id":"https:\/\/asg.k1t.eu\/ca\/politica-de-galetes\/#breadcrumb","itemListElement":[{"@type":"ListItem","position":1,"name":"Inici","item":"https:\/\/asg.k1t.eu\/ca\/"},{"@type":"ListItem","position":2,"name":"POL\u00cdTICA DE GALETES"}]},{"@type":"WebSite","@id":"https:\/\/asg.k1t.eu\/ca\/#website","url":"https:\/\/asg.k1t.eu\/ca\/","name":"Aig\u00fces del Segarra Garrigues","description":"","potentialAction":[{"@type":"SearchAction","target":{"@type":"EntryPoint","urlTemplate":"https:\/\/asg.k1t.eu\/ca\/?s={search_term_string}"},"query-input":{"@type":"PropertyValueSpecification","valueRequired":true,"valueName":"search_term_string"}}],"inLanguage":"ca"}]}},"_links":{"self":[{"href":"https:\/\/asg.k1t.eu\/ca\/wp-json\/wp\/v2\/pages\/3659","targetHints":{"allow":["GET"]}}],"collection":[{"href":"https:\/\/asg.k1t.eu\/ca\/wp-json\/wp\/v2\/pages"}],"about":[{"href":"https:\/\/asg.k1t.eu\/ca\/wp-json\/wp\/v2\/types\/page"}],"author":[{"embeddable":true,"href":"https:\/\/asg.k1t.eu\/ca\/wp-json\/wp\/v2\/users\/1"}],"replies":[{"embeddable":true,"href":"https:\/\/asg.k1t.eu\/ca\/wp-json\/wp\/v2\/comments?post=3659"}],"version-history":[{"count":4,"href":"https:\/\/asg.k1t.eu\/ca\/wp-json\/wp\/v2\/pages\/3659\/revisions"}],"predecessor-version":[{"id":3663,"href":"https:\/\/asg.k1t.eu\/ca\/wp-json\/wp\/v2\/pages\/3659\/revisions\/3663"}],"wp:attachment":[{"href":"https:\/\/asg.k1t.eu\/ca\/wp-json\/wp\/v2\/media?parent=3659"}],"curies":[{"name":"wp","href":"https:\/\/api.w.org\/{rel}","templated":true}]}}