{"id":3,"date":"2019-02-06T18:30:43","date_gmt":"2019-02-06T17:30:43","guid":{"rendered":"https:\/\/asg.k1t.eu\/?page_id=3"},"modified":"2021-11-08T17:29:23","modified_gmt":"2021-11-08T16:29:23","slug":"politica-privacidad","status":"publish","type":"page","link":"https:\/\/asg.k1t.eu\/ca\/politica-privacidad\/","title":{"rendered":"Pol\u00edtica de privacitat"},"content":{"rendered":"<p><div class=\"fusion-fullwidth fullwidth-box fusion-builder-row-1 fusion-flex-container nonhundred-percent-fullwidth non-hundred-percent-height-scrolling\" style=\"--awb-border-radius-top-left:0px;--awb-border-radius-top-right:0px;--awb-border-radius-bottom-right:0px;--awb-border-radius-bottom-left:0px;--awb-flex-wrap:wrap;\" ><div class=\"fusion-builder-row fusion-row fusion-flex-align-items-flex-start fusion-flex-content-wrap\" style=\"max-width:calc( 1300px + 0px );margin-left: calc(-0px \/ 2 );margin-right: calc(-0px \/ 2 );\"><div class=\"fusion-layout-column fusion_builder_column fusion-builder-column-0 fusion_builder_column_1_1 1_1 fusion-flex-column\" style=\"--awb-bg-size:cover;--awb-width-large:100%;--awb-margin-top-large:0px;--awb-spacing-right-large:0px;--awb-margin-bottom-large:20px;--awb-spacing-left-large:0px;--awb-width-medium:100%;--awb-spacing-right-medium:0px;--awb-spacing-left-medium:0px;--awb-width-small:100%;--awb-spacing-right-small:0px;--awb-spacing-left-small:0px;\"><div class=\"fusion-column-wrapper fusion-column-has-shadow fusion-flex-justify-content-flex-start fusion-content-layout-column\"><div class=\"fusion-title title fusion-title-1 fusion-sep-none fusion-title-text fusion-title-size-one\"><h1 class=\"fusion-title-heading title-heading-left fusion-responsive-typography-calculated\" style=\"margin:0;--fontSize:34;line-height:1.4;\"><p style=\"text-align: left;\"><strong><span style=\"font-family: helvetica, arial, sans-serif; color: #153c7f; font-size: 18pt;\">Av\u00eds legal i pol\u00edtica de privacitat<\/span><\/strong><\/p><\/h1><\/div><\/div><\/div><\/div><\/div><div class=\"fusion-fullwidth fullwidth-box fusion-builder-row-2 fusion-flex-container nonhundred-percent-fullwidth non-hundred-percent-height-scrolling\" style=\"--awb-border-radius-top-left:0px;--awb-border-radius-top-right:0px;--awb-border-radius-bottom-right:0px;--awb-border-radius-bottom-left:0px;--awb-flex-wrap:wrap;\" ><div class=\"fusion-builder-row fusion-row fusion-flex-align-items-flex-start fusion-flex-content-wrap\" style=\"max-width:1352px;margin-left: calc(-4% \/ 2 );margin-right: calc(-4% \/ 2 );\"><div class=\"fusion-layout-column fusion_builder_column fusion-builder-column-1 fusion_builder_column_3_4 3_4 fusion-flex-column\" style=\"--awb-bg-size:cover;--awb-width-large:75%;--awb-margin-top-large:0px;--awb-spacing-right-large:3.84%;--awb-margin-bottom-large:20px;--awb-spacing-left-large:2.56%;--awb-width-medium:75%;--awb-spacing-right-medium:3.84%;--awb-spacing-left-medium:2.56%;--awb-width-small:100%;--awb-spacing-right-small:1.92%;--awb-spacing-left-small:1.92%;\"><div class=\"fusion-column-wrapper fusion-flex-justify-content-flex-start fusion-content-layout-column\"><div class=\"fusion-text fusion-text-1\"><div class=\"panel-pane pane-entity-field pane-node-body\">\n<div class=\"pane-content\">\n<div class=\"body field\">\n<p class=\"p1\"><span style=\"font-family: helvetica, arial, sans-serif; font-size: 14pt;\"><strong><span class=\"s1\">INFORMACI\u00d3 LEGAL LSSIICE<\/span><\/strong><\/span><\/p>\n<p class=\"p1\"><span class=\"s1\" style=\"font-family: helvetica, arial, sans-serif; font-size: 14pt;\">D\u2019acord amb les obligacions previstes en la Llei 34\/2002, de Serveis de la Societat de la Informaci\u00f3 i de Comer\u00e7 Electr\u00f2nic (en endavant LSSICE), es manifesta que el domini <a href=\"https:\/\/asg.k1t.eu\"><span class=\"s2\">https:\/\/asg.k1t.eu<\/span><\/a> es propietat d\u2019AIG\u00dcES DEL SEGARRA GARRIGUES, SA, amb CIF A25529074, i amb domicili al carrer Mas d\u2019en Colom, 14 (Pol. Ind. la Canaleta), 25300 T\u00e0rrega (Lleida).<\/span><\/p>\n<p class=\"p1\"><span class=\"s1\" style=\"font-family: helvetica, arial, sans-serif; font-size: 14pt;\">Que AIG\u00dcES DEL SEGARRA GARRIGUES, SA, consta inscrita en el Registre Mercantil de Lleida, Secci\u00f3 General, Volum 823, Foli 138, i Full L-15875.<\/span><\/p>\n<p class=\"p1\"><span class=\"s1\" style=\"font-family: helvetica, arial, sans-serif; font-size: 14pt;\">AIG\u00dcES DEL SEGARRA GARRIGUES, SA, no pot assumir cap responsabilitat derivada de l&#8217;\u00fas incorrecte, inadequat o il\u00b7l\u00edcit de la informaci\u00f3 apareguda en les seves p\u00e0gines d&#8217;Internet. Amb els l\u00edmits establerts en la llei, AIG\u00dcES DEL SEGARRA GARRIGUES SA no assumeix cap responsabilitat derivada de la falta de veracitat, integritat, actualitzaci\u00f3 i precisi\u00f3 de les dades o informacions que es contenen en les seves p\u00e0gines d&#8217;Internet. <\/span><\/p>\n<p class=\"p3\"><span class=\"s1\" style=\"font-family: helvetica, arial, sans-serif; font-size: 14pt;\">Els continguts i informaci\u00f3 de les p\u00e0gines d&#8217;Internet d\u2019AIG\u00dcES DEL SEGARRA GARRIGUES, SA, estan elaborades per professionals de la mateixa degudament qualificats per a l&#8217;exercici de la seva professi\u00f3. No obstant aix\u00f2, els continguts i informaci\u00f3 no vinculen a la corporaci\u00f3 esmentada ni constitueixen opinions, consells o assessorament legal de cap tipus, ja que es tracta merament d&#8217;un servei ofert amb car\u00e0cter informatiu i divulgatiu. Les p\u00e0gines d&#8217;Internet d\u2019AIG\u00dcES DEL SEGARRA GARRIGUES, SA, poden contenir enlla\u00e7os (links) a altres p\u00e0gines de terceres parts. Per tant, aquesta no pot assumir responsabilitats pel contingut que pugui apar\u00e8ixer en p\u00e0gines de tercers. Els textos, imatges, sons, animacions, programari i la resta de continguts inclosos en aquest lloc web s\u00f3n propietat exclusiva de AIG\u00dcES DEL SEGARRA GARRIGUES, SA, o els seus llicenciadors. Qualsevol acte de transmissi\u00f3, distribuci\u00f3, cessi\u00f3, reproducci\u00f3, emmagatzematge o comunicaci\u00f3 p\u00fablica total o parcial, ha de comptar amb el consentiment expr\u00e9s d\u2019AIG\u00dcES DEL SEGARRA GARRIGUES SA.<\/span><\/p>\n<p class=\"p3\"><span class=\"s1\" style=\"font-family: helvetica, arial, sans-serif; font-size: 14pt;\">De la mateixa manera es reserva el dret a retirar l\u2019acc\u00e9s al Portal, sense necessitat de previ av\u00eds, a qualsevol usuari que contravingui el disposat en aquest av\u00eds legal.<\/span><\/p>\n<p class=\"p1\"><span class=\"s1\" style=\"font-family: helvetica, arial, sans-serif; font-size: 14pt;\"><b>PROTECCI\u00d3 DE DADES PERSONALS<\/b><\/span><\/p>\n<p class=\"p1\"><span class=\"s1\" style=\"font-family: helvetica, arial, sans-serif; font-size: 14pt;\">En virtut de la normativa de Protecci\u00f3 de Dades de Car\u00e0cter Personal, autoritzeu que les dades personals que heu facilitat siguin incorporades en un fitxer denominat \u201cMarketing\u201d responsabilitat d\u2019AIG\u00dcES DEL SEGARRA GARRIGUES, SA, amb CIF A25529074, i amb domicili al carrer Mas d\u2019en Colom, 14 (Pol. Ind. la Canaleta), 25300 T\u00e0rrega (Lleida).<\/span><\/p>\n<p class=\"p1\"><span class=\"s1\" style=\"font-family: helvetica, arial, sans-serif; font-size: 14pt;\">La finalitat del tractament \u00e9s gestionar la vostra petici\u00f3 i poder-vos oferir els nostres serveis. Aquestes dades podran ser transmeses a la Comunitat General de Regants del Canal Segarra-Garrigues, amb CIF G25318486, i seu a l\u2019Avinguda de la Generalitat, 48, 25300, T\u00e0rrega (Lleida), i a Infraestructures de la Generalitat de Catalunya, SAU, amb CIF A59377135, amb seu al Carrer del Verg\u00f3s, 36-42, 08017 Barcelona, per tal de donar satisfacci\u00f3 a la petici\u00f3 realitzada. Les dades no seran transmeses cap altra persona o organitzaci\u00f3 i seran conservades sempre que es mantingui la relaci\u00f3 jur\u00eddica o motiu que legitima el seu tractament.<\/span><\/p>\n<p class=\"p1\"><span style=\"font-family: helvetica, arial, sans-serif; font-size: 14pt;\"><span class=\"s1\">En qualsevol cas podreu indicar la revocaci\u00f3 del consentiment atorgat, aix\u00ed com exercitar els drets d\u2019acc\u00e9s, rectificaci\u00f3 o supressi\u00f3, la limitaci\u00f3 del tractament o oposar-vos, aix\u00ed com el dret a la portabilitat de les dades. Aquestes peticions caldr\u00e0 que les feu arribar al Carrer Mas d\u2019en Colom, 14 (Pol. Ind. la Canaleta), 25300 T\u00e0rrega (Lleida) o a <\/span><span class=\"s3\">dades@aigues-asg.es<\/span><\/span><\/p>\n<p class=\"p1\"><span class=\"s1\" style=\"font-family: helvetica, arial, sans-serif; font-size: 14pt;\">Aix\u00ed mateix tamb\u00e9 podreu presentar una reclamaci\u00f3 davant la Agencia Espanyola de Protecci\u00f3 de dades o qualsevol altra autoritat de control.<\/span><\/p>\n<p class=\"p1\"><span class=\"s1\" style=\"font-family: helvetica, arial, sans-serif; font-size: 14pt;\"><b>PROPIETAT INDUSTRIAL I INTEL\u00b7LECTUAL<\/b><\/span><\/p>\n<p class=\"p3\"><span class=\"s1\" style=\"font-family: helvetica, arial, sans-serif; font-size: 14pt;\">Aquesta web \u00e9s propietat de AIG\u00dcES DEL SEGARRA GARRIGUES S.A. Els drets de Propietat Intel\u00b7lectual i drets d&#8217;explotaci\u00f3 i reproducci\u00f3 d&#8217;aquesta web, de les seves p\u00e0gines, pantalles, la informaci\u00f3 que contenen, la seva aparen\u00e7a i disseny, aix\u00ed com els vincles (&#8220;hiperlinks&#8221;) que s&#8217;estableixin des d&#8217;ella a altres p\u00e0gines web de qualsevol centre adscrits o organisme depenent, s\u00f3n propietat exclusiva d&#8217;aquesta, tret que expressament s&#8217;especifiqui altra cosa. <\/span><\/p>\n<p class=\"p3\"><span class=\"s1\" style=\"font-family: helvetica, arial, sans-serif; font-size: 14pt;\">Qualsevol denominaci\u00f3, disseny i\/o logotip, aix\u00ed com qualsevol producte o servei oferts i reflectits en aquesta p\u00e0gina web, s\u00f3n marques degudament registrades per AIG\u00dcES DEL SEGARRA GARRIGUES, SA, per les seves societats filials i\/o dominades o per tercers.<\/span><\/p>\n<p class=\"p3\"><span class=\"s1\" style=\"font-family: helvetica, arial, sans-serif; font-size: 14pt;\">Qualsevol \u00fas indegut de les mateixes per persones diferents del seu titular leg\u00edtim i sense el consentiment expr\u00e9s i inequ\u00edvoc per part d&#8217;aquest podr\u00e0 ser denunciat i perseguit a trav\u00e9s de tots els mitjans legals existents en l&#8217;Ordenament Jur\u00eddic espanyol i\/o comunitari.<\/span><\/p>\n<p class=\"p3\"><span class=\"s1\" style=\"font-family: helvetica, arial, sans-serif; font-size: 14pt;\">Els drets de propietat intel\u00b7lectual i marques de tercers estan destacats convenientment i han de ser respectats per tot aquell que accedeixi a aquesta p\u00e0gina, no sent responsabilitat d\u2019AIG\u00dcES DEL SEGARRA GARRIGUES, SA l&#8217;\u00fas que L&#8217;USUARI pugui portar a terme referent a aix\u00f2, recaient la responsabilitat exclusiva en la seva persona.<\/span><\/p>\n<p class=\"p3\"><span class=\"s1\" style=\"font-family: helvetica, arial, sans-serif; font-size: 14pt;\">Nom\u00e9s per a \u00fas personal i privat es permet descarregar els continguts, copiar o imprimir qualsevol p\u00e0gina d&#8217;aquesta web. Queda prohibit reproduir, transmetre, modificar o suprimir la informaci\u00f3, contingut o advertiments d&#8217;aquesta web sense la pr\u00e8via autoritzaci\u00f3 per escrit d\u2019AIG\u00dcES DEL SEGARRA GARRIGUES, SA<\/span><\/p>\n<p class=\"p6\"><span class=\"s1\" style=\"font-family: helvetica, arial, sans-serif; font-size: 14pt;\">AIG\u00dcES DEL SEGARRA GARRIGUES, SA, no transfereix als usuaris la propietat del seu programari. L\u2019usuari \u00e9s el propietari del suport en el qual el programari es gravat. AIG\u00dcES DEL SEGARRA GARRIGUES S.A. posseeix tots els drets de propietat industrial i intel\u00b7lectual, incloent el programari. Si l\u2019 usuari transfereix programari d\u2019aquest lloc web al seu terminal, no est\u00e0 autoritzat ni a disseccionar-lo pel seu estudi ni a descompilar-lo, ni a traduir-ne la versi\u00f3 del codi objecte original o el seu llenguatge a un altre codi o llenguatge.<\/span><\/p>\n<p class=\"p1\"><span class=\"s1\" style=\"font-family: helvetica, arial, sans-serif; font-size: 14pt;\"><b>LLEI APLICABLE I JURISDICCI\u00d3<\/b><\/span><\/p>\n<p class=\"p1\"><span class=\"s1\" style=\"font-family: helvetica, arial, sans-serif; font-size: 14pt;\">Aquestes condicions generals es regeixen per la Legislaci\u00f3 espanyola, sent competents els Jutjats i Tribunals espanyols per a con\u00e8ixer d\u2019aquelles q\u00fcestions se suscitin sobre la interpretaci\u00f3, aplicaci\u00f3 i compliment de les mateixes. L&#8217;USUARI, en virtut de la seva acceptaci\u00f3 a les condicions generals recollides en aquest av\u00eds legal, renuncia expressament a qualsevol fur que, per aplicaci\u00f3 de la Llei d&#8217;Enjudiciament Civil vigent pogu\u00e9s correspondre-li.<\/span><\/p>\n<p class=\"p1\"><a href=\"https:\/\/asg.k1t.eu\/politica-de-galetes\/\"><span style=\"font-family: helvetica, arial, sans-serif; font-size: 14pt;\"><strong><span class=\"s1\">VEURE POL\u00cdTICA DE GALETES<\/span><\/strong><\/span><\/a><\/p>\n<p class=\"p1\">\n<\/div>\n<\/div>\n<\/div>\n<\/div><\/div><\/div><div class=\"fusion-layout-column fusion_builder_column fusion-builder-column-2 fusion_builder_column_1_4 1_4 fusion-flex-column\" style=\"--awb-bg-size:cover;--awb-width-large:25%;--awb-margin-top-large:0px;--awb-spacing-right-large:7.68%;--awb-margin-bottom-large:20px;--awb-spacing-left-large:3.84%;--awb-width-medium:25%;--awb-spacing-right-medium:7.68%;--awb-spacing-left-medium:3.84%;--awb-width-small:100%;--awb-spacing-right-small:1.92%;--awb-spacing-left-small:1.92%;\"><div class=\"fusion-column-wrapper fusion-flex-justify-content-flex-start fusion-content-layout-column\"><div class=\"fusion-widget-area awb-widget-area-element fusion-widget-area-1 fusion-content-widget-area\" style=\"--awb-title-color:#333333;--awb-padding:0px 0px 0px 0px;\"><section id=\"custom_html-4\" class=\"widget_text fusion-slidingbar-widget-column widget widget_custom_html\"><div class=\"textwidget custom-html-widget\">\n<div class=\"wpcf7 no-js\" id=\"wpcf7-f2371-o1\" lang=\"es-ES\" dir=\"ltr\" data-wpcf7-id=\"2371\">\n<div class=\"screen-reader-response\"><p role=\"status\" aria-live=\"polite\" aria-atomic=\"true\"><\/p> <ul><\/ul><\/div>\n<form action=\"\/ca\/wp-json\/wp\/v2\/pages\/3#wpcf7-f2371-o1\" method=\"post\" class=\"wpcf7-form init\" aria-label=\"Formulario de contacto\" novalidate=\"novalidate\" data-status=\"init\">\n<fieldset class=\"hidden-fields-container\"><input type=\"hidden\" name=\"_wpcf7\" value=\"2371\" \/><input type=\"hidden\" name=\"_wpcf7_version\" value=\"6.1.5\" \/><input type=\"hidden\" name=\"_wpcf7_locale\" value=\"es_ES\" \/><input type=\"hidden\" name=\"_wpcf7_unit_tag\" value=\"wpcf7-f2371-o1\" \/><input type=\"hidden\" name=\"_wpcf7_container_post\" value=\"0\" \/><input type=\"hidden\" name=\"_wpcf7_posted_data_hash\" value=\"\" \/><input type=\"hidden\" name=\"_wpcf7_recaptcha_response\" value=\"\" \/>\n<\/fieldset>\n<p><label>Nom i cognoms*<br \/>\n<span class=\"wpcf7-form-control-wrap\" data-name=\"your-name\"><input size=\"40\" maxlength=\"400\" class=\"wpcf7-form-control wpcf7-text wpcf7-validates-as-required\" aria-required=\"true\" aria-invalid=\"false\" value=\"\" type=\"text\" name=\"your-name\" \/><\/span> <\/label>\n<\/p>\n<p><label> Tel\u00e8fon*<br \/>\n<span class=\"wpcf7-form-control-wrap\" data-name=\"tel-460\"><input size=\"40\" maxlength=\"400\" class=\"wpcf7-form-control wpcf7-tel wpcf7-validates-as-required wpcf7-text wpcf7-validates-as-tel\" aria-required=\"true\" aria-invalid=\"false\" value=\"\" type=\"tel\" name=\"tel-460\" \/><\/span> <\/label>\n<\/p>\n<p><label> E-mail*<br \/>\n<span class=\"wpcf7-form-control-wrap\" data-name=\"your-email\"><input size=\"40\" maxlength=\"400\" class=\"wpcf7-form-control wpcf7-email wpcf7-validates-as-required wpcf7-text wpcf7-validates-as-email\" aria-required=\"true\" aria-invalid=\"false\" value=\"\" type=\"email\" name=\"your-email\" \/><\/span> <\/label>\n<\/p>\n<p><label> Assumpte*<br \/>\n<span class=\"wpcf7-form-control-wrap\" data-name=\"your-subject\"><input size=\"40\" maxlength=\"400\" class=\"wpcf7-form-control wpcf7-text\" aria-invalid=\"false\" value=\"\" type=\"text\" name=\"your-subject\" \/><\/span> <\/label>\n<\/p>\n<p><label> Missatge*<br \/>\n<span class=\"wpcf7-form-control-wrap\" data-name=\"your-message\"><textarea cols=\"40\" rows=\"10\" maxlength=\"2000\" class=\"wpcf7-form-control wpcf7-textarea\" aria-invalid=\"false\" name=\"your-message\"><\/textarea><\/span> <\/label>\n<\/p>\n<p><span class=\"wpcf7-form-control-wrap\" data-name=\"avisolegal\"><span class=\"wpcf7-form-control wpcf7-acceptance\"><span class=\"wpcf7-list-item\"><label><input type=\"checkbox\" name=\"avisolegal\" value=\"1\" aria-invalid=\"false\" \/><span class=\"wpcf7-list-item-label\">He estat informat\/da del tractament de les meves dades d\u2019acord amb <a href=\"https:\/\/asg.k1t.eu\/ca\/politica-privacidad\/\">l\u2019av\u00eds legal<\/span><\/label><\/span><\/span><\/span>\n<\/p>\n<p><input class=\"wpcf7-form-control wpcf7-submit has-spinner\" type=\"submit\" value=\"Sol\u00b7licitar informaci\u00f3\" \/>\n<\/p><p style=\"display: none !important;\" class=\"akismet-fields-container\" data-prefix=\"_wpcf7_ak_\"><label>&#916;<textarea name=\"_wpcf7_ak_hp_textarea\" cols=\"45\" rows=\"8\" maxlength=\"100\"><\/textarea><\/label><input type=\"hidden\" id=\"ak_js_1\" name=\"_wpcf7_ak_js\" value=\"140\"\/><script>document.getElementById( \"ak_js_1\" ).setAttribute( \"value\", ( new Date() ).getTime() );<\/script><\/p><div class=\"fusion-alert alert custom alert-custom fusion-alert-center wpcf7-response-output fusion-alert-capitalize awb-alert-native-link-color alert-dismissable awb-alert-close-boxed\" style=\"--awb-border-size:1px;--awb-border-top-left-radius:0px;--awb-border-top-right-radius:0px;--awb-border-bottom-left-radius:0px;--awb-border-bottom-right-radius:0px;\" role=\"alert\"><div class=\"fusion-alert-content-wrapper\"><span class=\"fusion-alert-content\"><\/span><\/div><button type=\"button\" class=\"close toggle-alert\" data-dismiss=\"alert\" aria-label=\"Close\">&times;<\/button><\/div>\n<\/form>\n<\/div>\n\r\n<\/div><div style=\"clear:both;\"><\/div><\/section><div class=\"fusion-additional-widget-content\"><\/div><\/div><\/div><\/div><\/div><\/div><\/p>","protected":false},"excerpt":{"rendered":"","protected":false},"author":1,"featured_media":0,"parent":0,"menu_order":0,"comment_status":"closed","ping_status":"open","template":"","meta":{"footnotes":"","_links_to":"","_links_to_target":""},"class_list":["post-3","page","type-page","status-publish","hentry"],"yoast_head":"<!-- This site is optimized with the Yoast SEO plugin v27.0 - https:\/\/yoast.com\/product\/yoast-seo-wordpress\/ -->\n<title>Pol\u00edtica de privacitat - Aig\u00fces del Segarra Garrigues<\/title>\n<meta name=\"robots\" content=\"index, follow, max-snippet:-1, max-image-preview:large, max-video-preview:-1\" \/>\n<link rel=\"canonical\" href=\"https:\/\/asg.k1t.eu\/ca\/politica-privacidad\/\" \/>\n<meta property=\"og:locale\" content=\"ca_ES\" \/>\n<meta property=\"og:type\" content=\"article\" \/>\n<meta property=\"og:title\" content=\"Pol\u00edtica de privacitat - Aig\u00fces del Segarra Garrigues\" \/>\n<meta property=\"og:url\" content=\"https:\/\/asg.k1t.eu\/ca\/politica-privacidad\/\" \/>\n<meta property=\"og:site_name\" content=\"Aig\u00fces del Segarra Garrigues\" \/>\n<meta property=\"article:modified_time\" content=\"2021-11-08T16:29:23+00:00\" \/>\n<meta name=\"twitter:card\" content=\"summary_large_image\" \/>\n<meta name=\"twitter:label1\" content=\"Temps estimat de lectura\" \/>\n\t<meta name=\"twitter:data1\" content=\"14 minuts\" \/>\n<script type=\"application\/ld+json\" class=\"yoast-schema-graph\">{\"@context\":\"https:\/\/schema.org\",\"@graph\":[{\"@type\":\"WebPage\",\"@id\":\"https:\/\/asg.k1t.eu\/ca\/politica-privacidad\/\",\"url\":\"https:\/\/asg.k1t.eu\/ca\/politica-privacidad\/\",\"name\":\"Pol\u00edtica de privacitat - Aig\u00fces del Segarra Garrigues\",\"isPartOf\":{\"@id\":\"https:\/\/asg.k1t.eu\/ca\/#website\"},\"datePublished\":\"2019-02-06T17:30:43+00:00\",\"dateModified\":\"2021-11-08T16:29:23+00:00\",\"breadcrumb\":{\"@id\":\"https:\/\/asg.k1t.eu\/ca\/politica-privacidad\/#breadcrumb\"},\"inLanguage\":\"ca\",\"potentialAction\":[{\"@type\":\"ReadAction\",\"target\":[[\"https:\/\/asg.k1t.eu\/ca\/politica-privacidad\/\"]]}]},{\"@type\":\"BreadcrumbList\",\"@id\":\"https:\/\/asg.k1t.eu\/ca\/politica-privacidad\/#breadcrumb\",\"itemListElement\":[{\"@type\":\"ListItem\",\"position\":1,\"name\":\"Inici\",\"item\":\"https:\/\/asg.k1t.eu\/ca\/\"},{\"@type\":\"ListItem\",\"position\":2,\"name\":\"Pol\u00edtica de privacitat\"}]},{\"@type\":\"WebSite\",\"@id\":\"https:\/\/asg.k1t.eu\/ca\/#website\",\"url\":\"https:\/\/asg.k1t.eu\/ca\/\",\"name\":\"Aig\u00fces del Segarra Garrigues\",\"description\":\"\",\"potentialAction\":[{\"@type\":\"SearchAction\",\"target\":{\"@type\":\"EntryPoint\",\"urlTemplate\":\"https:\/\/asg.k1t.eu\/ca\/?s={search_term_string}\"},\"query-input\":{\"@type\":\"PropertyValueSpecification\",\"valueRequired\":true,\"valueName\":\"search_term_string\"}}],\"inLanguage\":\"ca\"}]}<\/script>\n<!-- \/ Yoast SEO plugin. -->","yoast_head_json":{"title":"Pol\u00edtica de privacitat - Aig\u00fces del Segarra Garrigues","robots":{"index":"index","follow":"follow","max-snippet":"max-snippet:-1","max-image-preview":"max-image-preview:large","max-video-preview":"max-video-preview:-1"},"canonical":"https:\/\/asg.k1t.eu\/ca\/politica-privacidad\/","og_locale":"ca_ES","og_type":"article","og_title":"Pol\u00edtica de privacitat - Aig\u00fces del Segarra Garrigues","og_url":"https:\/\/asg.k1t.eu\/ca\/politica-privacidad\/","og_site_name":"Aig\u00fces del Segarra Garrigues","article_modified_time":"2021-11-08T16:29:23+00:00","twitter_card":"summary_large_image","twitter_misc":{"Temps estimat de lectura":"14 minuts"},"schema":{"@context":"https:\/\/schema.org","@graph":[{"@type":"WebPage","@id":"https:\/\/asg.k1t.eu\/ca\/politica-privacidad\/","url":"https:\/\/asg.k1t.eu\/ca\/politica-privacidad\/","name":"Pol\u00edtica de privacitat - Aig\u00fces del Segarra Garrigues","isPartOf":{"@id":"https:\/\/asg.k1t.eu\/ca\/#website"},"datePublished":"2019-02-06T17:30:43+00:00","dateModified":"2021-11-08T16:29:23+00:00","breadcrumb":{"@id":"https:\/\/asg.k1t.eu\/ca\/politica-privacidad\/#breadcrumb"},"inLanguage":"ca","potentialAction":[{"@type":"ReadAction","target":[["https:\/\/asg.k1t.eu\/ca\/politica-privacidad\/"]]}]},{"@type":"BreadcrumbList","@id":"https:\/\/asg.k1t.eu\/ca\/politica-privacidad\/#breadcrumb","itemListElement":[{"@type":"ListItem","position":1,"name":"Inici","item":"https:\/\/asg.k1t.eu\/ca\/"},{"@type":"ListItem","position":2,"name":"Pol\u00edtica de privacitat"}]},{"@type":"WebSite","@id":"https:\/\/asg.k1t.eu\/ca\/#website","url":"https:\/\/asg.k1t.eu\/ca\/","name":"Aig\u00fces del Segarra Garrigues","description":"","potentialAction":[{"@type":"SearchAction","target":{"@type":"EntryPoint","urlTemplate":"https:\/\/asg.k1t.eu\/ca\/?s={search_term_string}"},"query-input":{"@type":"PropertyValueSpecification","valueRequired":true,"valueName":"search_term_string"}}],"inLanguage":"ca"}]}},"_links":{"self":[{"href":"https:\/\/asg.k1t.eu\/ca\/wp-json\/wp\/v2\/pages\/3","targetHints":{"allow":["GET"]}}],"collection":[{"href":"https:\/\/asg.k1t.eu\/ca\/wp-json\/wp\/v2\/pages"}],"about":[{"href":"https:\/\/asg.k1t.eu\/ca\/wp-json\/wp\/v2\/types\/page"}],"author":[{"embeddable":true,"href":"https:\/\/asg.k1t.eu\/ca\/wp-json\/wp\/v2\/users\/1"}],"replies":[{"embeddable":true,"href":"https:\/\/asg.k1t.eu\/ca\/wp-json\/wp\/v2\/comments?post=3"}],"version-history":[{"count":28,"href":"https:\/\/asg.k1t.eu\/ca\/wp-json\/wp\/v2\/pages\/3\/revisions"}],"predecessor-version":[{"id":4913,"href":"https:\/\/asg.k1t.eu\/ca\/wp-json\/wp\/v2\/pages\/3\/revisions\/4913"}],"wp:attachment":[{"href":"https:\/\/asg.k1t.eu\/ca\/wp-json\/wp\/v2\/media?parent=3"}],"curies":[{"name":"wp","href":"https:\/\/api.w.org\/{rel}","templated":true}]}}